{"id":57,"date":"2023-07-03T15:47:14","date_gmt":"2023-07-03T13:47:14","guid":{"rendered":"https:\/\/transbaz.fr\/?page_id=57"},"modified":"2023-10-09T14:48:49","modified_gmt":"2023-10-09T12:48:49","slug":"commissionnaire-de-transport","status":"publish","type":"page","link":"https:\/\/transbaz.fr\/index.php\/commissionnaire-de-transport\/","title":{"rendered":"COMMISSIONNAIRE DE TRANSPORT"},"content":{"rendered":"<div data-colibri-id=\"57-c1\" class=\"style-568 style-local-57-c1 position-relative\">\r\n  <!---->\r\n  <div data-colibri-component=\"section\" data-colibri-id=\"57-c2\" id=\"reusable-sections-2\" class=\"h-section h-section-global-spacing d-flex align-items-lg-center align-items-md-center align-items-center style-572 style-local-57-c2 h-overflow-hidden position-relative\">\r\n    <!---->\r\n    <!---->\r\n    <div class=\"h-section-grid-container h-section-fluid-container\">\r\n      <!---->\r\n      <div data-colibri-id=\"57-c3\" class=\"h-row-container gutters-row-lg-0 gutters-row-md-0 gutters-row-2 gutters-row-v-lg-0 gutters-row-v-md-0 gutters-row-v-2 style-573 style-local-57-c3 position-relative\">\r\n        <!---->\r\n        <div class=\"h-row justify-content-lg-center justify-content-md-center justify-content-center align-items-lg-stretch align-items-md-stretch align-items-stretch gutters-col-lg-0 gutters-col-md-0 gutters-col-2 gutters-col-v-lg-0 gutters-col-v-md-0 gutters-col-v-2\">\r\n          <!---->\r\n          <div class=\"h-column h-column-container d-flex h-col-lg-auto h-col-md-auto h-col-auto style-574-outer style-local-57-c4-outer\">\r\n            <div data-colibri-id=\"57-c4\" class=\"d-flex h-flex-basis h-column__inner h-ui-empty-state-container h-px-lg-0 h-px-md-0 h-px-0 v-inner-lg-0 v-inner-md-0 v-inner-0 style-574 style-local-57-c4 position-relative\">\r\n              <!---->\r\n              <!---->\r\n              <div class=\"w-100 h-y-container h-column__content h-column__v-align flex-basis-100\">\r\n                <!---->\r\n              <\/div>\r\n            <\/div>\r\n          <\/div>\r\n          <div class=\"h-column h-column-container d-flex h-col-lg-auto h-col-md-auto h-col-auto style-575-outer style-local-57-c5-outer\">\r\n            <div data-colibri-id=\"57-c5\" class=\"d-flex h-flex-basis h-column__inner h-px-lg-0 h-px-md-0 h-px-0 v-inner-lg-0 v-inner-md-0 v-inner-0 style-575 style-local-57-c5 position-relative\">\r\n              <!---->\r\n              <!---->\r\n              <div class=\"w-100 h-y-container h-column__content h-column__v-align flex-basis-100 align-self-lg-start align-self-md-start align-self-start\">\r\n                <!---->\r\n                <div data-colibri-id=\"57-c6\" class=\"h-global-transition-all h-heading style-576 style-local-57-c6 position-relative h-element\">\r\n                  <!---->\r\n                  <div class=\"h-heading__outer style-576 style-local-57-c6\">\r\n                    <!---->\r\n                    <!---->\r\n                    <h3 class=\"\"><span style=\"font-weight: 500; color: rgb(29, 29, 27); font-family: Montserrat;\">COMMISSIONNAIRE DE TRANSPORT<\/span><\/h3>\r\n                  <\/div>\r\n                <\/div>\r\n                <div data-colibri-id=\"57-c7\" class=\"h-text h-text-component style-577 style-local-57-c7 position-relative h-element\">\r\n                  <!---->\r\n                  <!---->\r\n                  <div class=\"\">\r\n                    <p><strong style=\"font-weight: 600; font-size: 101%; font-family: Montserrat; color: rgb(29, 29, 27);\">TRANSBAZ<\/strong><strong style=\"font-weight: 400; font-size: 101%; font-family: Montserrat; color: rgb(29, 29, 27);\"> est un op\u00e9rateur de l&rsquo;organisation des prestations de transport multi-modal national et international qui organise librement le d\u00e9placement de vos marchandises d&rsquo;un lieu \u00e0 un autre selon les modes de transport les plus adapt\u00e9s, au meilleur prix.<\/strong><\/p>\r\n                  <\/div>\r\n                <\/div>\r\n                <div data-colibri-id=\"57-c8\" class=\"h-row-container gutters-row-lg-2 gutters-row-md-2 gutters-row-0 gutters-row-v-lg-2 gutters-row-v-md-2 gutters-row-v-0 style-578 style-local-57-c8 position-relative\">\r\n                  <!---->\r\n                  <div class=\"h-row justify-content-lg-center justify-content-md-center justify-content-center align-items-lg-stretch align-items-md-stretch align-items-stretch gutters-col-lg-2 gutters-col-md-2 gutters-col-0 gutters-col-v-lg-2 gutters-col-v-md-2 gutters-col-v-0\">\r\n                    <!---->\r\n                    <div class=\"h-column h-column-container d-flex h-col-lg-12 h-col-md-12 h-col-6 style-579-outer style-local-57-c9-outer\">\r\n                      <div data-colibri-id=\"57-c9\" class=\"d-flex h-flex-basis h-column__inner h-px-lg-0 h-px-md-0 h-px-2 v-inner-lg-0 v-inner-md-0 v-inner-2 style-579 style-local-57-c9 position-relative\">\r\n                        <!---->\r\n                        <!---->\r\n                        <div class=\"w-100 h-y-container h-column__content h-column__v-align flex-basis-100 align-self-lg-start align-self-md-start align-self-start\">\r\n                          <!---->\r\n                          <div data-colibri-id=\"57-c10\" class=\"h-global-transition-all h-heading style-580 style-local-57-c10 position-relative h-element\">\r\n                            <!---->\r\n                            <div class=\"h-heading__outer style-580 style-local-57-c10\">\r\n                              <!---->\r\n                              <!---->\r\n                              <h6 class=\"\"><span style=\"color: rgb(224, 6, 20); font-family: Montserrat;\">UNE SOLUTION GLOBALE ! POURQUOI ?<\/span><\/h6>\r\n                            <\/div>\r\n                          <\/div>\r\n                          <div data-colibri-id=\"57-c11\" class=\"h-text h-text-component style-581 style-local-57-c11 position-relative h-element\">\r\n                            <!---->\r\n                            <!---->\r\n                            <div class=\"\">\r\n                              <p><strong style=\"color: rgb(29, 29, 27); font-family: Montserrat; font-size: 101%; font-weight: 600;\">TRANSBAZ<\/strong><strong style=\"color: rgb(29, 29, 27); font-family: Montserrat; font-size: 101%; font-weight: 400;\"> est signataire de la charte CO2. Charte d&rsquo;engagements volontaires de r\u00e9duction des \u00e9missions de <\/strong>\r\n                                <strong\r\n                                  style=\"color: rgb(29, 29, 27); font-family: Montserrat; font-size: 101%; font-weight: 500;\">CO2<\/strong><strong style=\"color: rgb(29, 29, 27); font-family: Montserrat; font-size: 101%; font-weight: 400;\"> du transport routier de marchandises. C&rsquo;est dans cet objectif que nous avons obtenus les capacit\u00e9s de tous types de transport de marchandises sur tous types de transport (routier, ferroviaire, maritime et a\u00e9rien), afin d&rsquo;offrir une solution globale \u00e0 nos clients et contribuer \u00e0 la diminution de <\/strong>\r\n                                  <strong\r\n                                    style=\"color: rgb(29, 29, 27); font-family: Montserrat; font-size: 101%; font-weight: 500;\">CO2<\/strong><strong style=\"color: rgb(29, 29, 27); font-family: Montserrat; font-size: 101%; font-weight: 400;\">.<\/strong><\/p>\r\n                            <\/div>\r\n                          <\/div>\r\n                        <\/div>\r\n                      <\/div>\r\n                    <\/div>\r\n                  <\/div>\r\n                <\/div>\r\n              <\/div>\r\n            <\/div>\r\n          <\/div>\r\n        <\/div>\r\n      <\/div>\r\n    <\/div>\r\n  <\/div>\r\n  <div data-colibri-component=\"section\" data-colibri-id=\"57-c12\" id=\"reusable-sections-3\" class=\"h-section h-section-global-spacing d-flex align-items-lg-center align-items-md-center align-items-center style-582 style-local-57-c12 position-relative\">\r\n    <!---->\r\n    <!---->\r\n    <div class=\"h-section-grid-container h-section-boxed-container\">\r\n      <!---->\r\n      <div data-colibri-id=\"57-c13\" class=\"h-row-container gutters-row-lg-2 gutters-row-md-2 gutters-row-0 gutters-row-v-lg-2 gutters-row-v-md-2 gutters-row-v-2 style-583 style-local-57-c13 position-relative\">\r\n        <!---->\r\n        <div class=\"h-row justify-content-lg-center justify-content-md-center justify-content-center align-items-lg-stretch align-items-md-stretch align-items-stretch gutters-col-lg-2 gutters-col-md-2 gutters-col-0 gutters-col-v-lg-2 gutters-col-v-md-2 gutters-col-v-2\">\r\n          <!---->\r\n          <div class=\"h-column h-column-container d-flex h-col-lg-6 h-col-md-6 h-col-12 style-584-outer style-local-57-c14-outer\">\r\n            <div data-colibri-id=\"57-c14\" class=\"d-flex h-flex-basis h-column__inner h-px-lg-0 h-px-md-0 h-px-2 v-inner-lg-0 v-inner-md-0 v-inner-2 style-584 style-local-57-c14 position-relative\">\r\n              <!---->\r\n              <!---->\r\n              <div class=\"w-100 h-y-container h-column__content h-column__v-align flex-basis-100 align-self-lg-center align-self-md-center align-self-center\">\r\n                <!---->\r\n                <div data-colibri-id=\"57-c15\" class=\"h-global-transition-all h-heading style-585 style-local-57-c15 position-relative h-element\">\r\n                  <!---->\r\n                  <div class=\"h-heading__outer style-585 style-local-57-c15\">\r\n                    <!---->\r\n                    <!---->\r\n                    <h2 class=\"\"><span style=\"color: rgb(255, 255, 255); font-family: Montserrat; font-weight: 500;\">CONTACTEZ NOUS !<\/span><\/h2>\r\n                  <\/div>\r\n                <\/div>\r\n              <\/div>\r\n            <\/div>\r\n          <\/div>\r\n          <div class=\"h-column h-column-container d-flex h-col-lg-6 h-col-md-6 h-col-12 style-586-outer style-local-57-c16-outer\">\r\n            <div data-colibri-id=\"57-c16\" class=\"d-flex h-flex-basis h-column__inner h-px-lg-0 h-px-md-0 h-px-2 v-inner-lg-0 v-inner-md-0 v-inner-2 style-586 style-local-57-c16 position-relative\">\r\n              <!---->\r\n              <!---->\r\n              <div class=\"w-100 h-y-container h-column__content h-column__v-align flex-basis-100 align-self-lg-center align-self-md-center align-self-center\">\r\n                <!---->\r\n                <div data-colibri-id=\"57-c17\" class=\"h-x-container style-587 style-local-57-c17 position-relative h-element\">\r\n                  <!---->\r\n                  <div class=\"h-x-container-inner style-dynamic-57-c17-group style-587-spacing style-local-57-c17-spacing\"><span class=\"h-button__outer style-588-outer style-local-57-c18-outer d-inline-flex h-element\"><a h-use-smooth-scroll=\"true\" href=\"https:\/\/transbaz.fr\/index.php\/contact\/\"  data-colibri-id=\"57-c18\" class=\"d-flex w-100 align-items-center h-button justify-content-lg-center justify-content-md-center justify-content-center style-588 style-local-57-c18 position-relative\"><!----><!----> <span>CONTACT<\/span><\/a>\r\n                    <\/span>\r\n                  <\/div>\r\n                <\/div>\r\n              <\/div>\r\n            <\/div>\r\n          <\/div>\r\n        <\/div>\r\n      <\/div>\r\n    <\/div>\r\n  <\/div>\r\n<\/div>","protected":false},"excerpt":{"rendered":"<p>COMMISSIONNAIRE DE TRANSPORT TRANSBAZ est un op\u00e9rateur de l&rsquo;organisation des prestations de transport multi-modal national et international qui organise librement le d\u00e9placement de vos marchandises d&rsquo;un lieu \u00e0 un autre selon les modes de transport les plus adapt\u00e9s, au meilleur prix. UNE SOLUTION GLOBALE ! POURQUOI ? TRANSBAZ est signataire de la charte CO2. Charte [&hellip;]<\/p>\n","protected":false},"author":1,"featured_media":342,"parent":0,"menu_order":0,"comment_status":"closed","ping_status":"closed","template":"page-templates\/full-width-page.php","meta":{"footnotes":""},"class_list":["post-57","page","type-page","status-publish","has-post-thumbnail","hentry"],"yoast_head":"<!-- This site is optimized with the Yoast SEO plugin v24.1 - https:\/\/yoast.com\/wordpress\/plugins\/seo\/ -->\n<title>COMMISSIONNAIRE DE TRANSPORT - Transbaz<\/title>\n<meta name=\"description\" content=\"TRANSBAZ organise librement le d\u00e9placement de vos marchandises d\u2019un lieu \u00e0 un autre selon les modes de transport les plus adapt\u00e9s.\" \/>\n<meta name=\"robots\" content=\"index, follow, max-snippet:-1, max-image-preview:large, max-video-preview:-1\" \/>\n<link rel=\"canonical\" href=\"https:\/\/transbaz.fr\/index.php\/commissionnaire-de-transport\/\" \/>\n<meta property=\"og:locale\" content=\"fr_FR\" \/>\n<meta property=\"og:type\" content=\"article\" \/>\n<meta property=\"og:title\" content=\"COMMISSIONNAIRE DE TRANSPORT - Transbaz\" \/>\n<meta property=\"og:description\" content=\"TRANSBAZ organise librement le d\u00e9placement de vos marchandises d\u2019un lieu \u00e0 un autre selon les modes de transport les plus adapt\u00e9s.\" \/>\n<meta property=\"og:url\" content=\"https:\/\/transbaz.fr\/index.php\/commissionnaire-de-transport\/\" \/>\n<meta property=\"og:site_name\" content=\"Transbaz\" \/>\n<meta property=\"article:modified_time\" content=\"2023-10-09T12:48:49+00:00\" \/>\n<meta property=\"og:image\" content=\"https:\/\/transbaz.fr\/wp-content\/uploads\/2023\/08\/cropped-PHOTO-2023-08-07-13-52-09-2.jpg\" \/>\n\t<meta property=\"og:image:width\" content=\"766\" \/>\n\t<meta property=\"og:image:height\" content=\"769\" \/>\n\t<meta property=\"og:image:type\" content=\"image\/jpeg\" \/>\n<meta name=\"twitter:card\" content=\"summary_large_image\" \/>\n<meta name=\"twitter:label1\" content=\"Dur\u00e9e de lecture estim\u00e9e\" \/>\n\t<meta name=\"twitter:data1\" content=\"1 minute\" \/>\n<script type=\"application\/ld+json\" class=\"yoast-schema-graph\">{\"@context\":\"https:\/\/schema.org\",\"@graph\":[{\"@type\":\"WebPage\",\"@id\":\"https:\/\/transbaz.fr\/index.php\/commissionnaire-de-transport\/\",\"url\":\"https:\/\/transbaz.fr\/index.php\/commissionnaire-de-transport\/\",\"name\":\"COMMISSIONNAIRE DE TRANSPORT - Transbaz\",\"isPartOf\":{\"@id\":\"https:\/\/transbaz.fr\/#website\"},\"primaryImageOfPage\":{\"@id\":\"https:\/\/transbaz.fr\/index.php\/commissionnaire-de-transport\/#primaryimage\"},\"image\":{\"@id\":\"https:\/\/transbaz.fr\/index.php\/commissionnaire-de-transport\/#primaryimage\"},\"thumbnailUrl\":\"https:\/\/transbaz.fr\/wp-content\/uploads\/2023\/08\/cropped-PHOTO-2023-08-07-13-52-09-2.jpg\",\"datePublished\":\"2023-07-03T13:47:14+00:00\",\"dateModified\":\"2023-10-09T12:48:49+00:00\",\"description\":\"TRANSBAZ organise librement le d\u00e9placement de vos marchandises d\u2019un lieu \u00e0 un autre selon les modes de transport les plus adapt\u00e9s.\",\"breadcrumb\":{\"@id\":\"https:\/\/transbaz.fr\/index.php\/commissionnaire-de-transport\/#breadcrumb\"},\"inLanguage\":\"fr-FR\",\"potentialAction\":[{\"@type\":\"ReadAction\",\"target\":[\"https:\/\/transbaz.fr\/index.php\/commissionnaire-de-transport\/\"]}]},{\"@type\":\"ImageObject\",\"inLanguage\":\"fr-FR\",\"@id\":\"https:\/\/transbaz.fr\/index.php\/commissionnaire-de-transport\/#primaryimage\",\"url\":\"https:\/\/transbaz.fr\/wp-content\/uploads\/2023\/08\/cropped-PHOTO-2023-08-07-13-52-09-2.jpg\",\"contentUrl\":\"https:\/\/transbaz.fr\/wp-content\/uploads\/2023\/08\/cropped-PHOTO-2023-08-07-13-52-09-2.jpg\",\"width\":766,\"height\":769},{\"@type\":\"BreadcrumbList\",\"@id\":\"https:\/\/transbaz.fr\/index.php\/commissionnaire-de-transport\/#breadcrumb\",\"itemListElement\":[{\"@type\":\"ListItem\",\"position\":1,\"name\":\"Accueil\",\"item\":\"https:\/\/transbaz.fr\/\"},{\"@type\":\"ListItem\",\"position\":2,\"name\":\"COMMISSIONNAIRE DE TRANSPORT\"}]},{\"@type\":\"WebSite\",\"@id\":\"https:\/\/transbaz.fr\/#website\",\"url\":\"https:\/\/transbaz.fr\/\",\"name\":\"Transbaz\",\"description\":\"Transports de Travaux P\u00e9troliers Industriels\",\"publisher\":{\"@id\":\"https:\/\/transbaz.fr\/#organization\"},\"potentialAction\":[{\"@type\":\"SearchAction\",\"target\":{\"@type\":\"EntryPoint\",\"urlTemplate\":\"https:\/\/transbaz.fr\/?s={search_term_string}\"},\"query-input\":{\"@type\":\"PropertyValueSpecification\",\"valueRequired\":true,\"valueName\":\"search_term_string\"}}],\"inLanguage\":\"fr-FR\"},{\"@type\":\"Organization\",\"@id\":\"https:\/\/transbaz.fr\/#organization\",\"name\":\"Transbaz\",\"url\":\"https:\/\/transbaz.fr\/\",\"logo\":{\"@type\":\"ImageObject\",\"inLanguage\":\"fr-FR\",\"@id\":\"https:\/\/transbaz.fr\/#\/schema\/logo\/image\/\",\"url\":\"https:\/\/transbaz.fr\/wp-content\/uploads\/2023\/07\/cropped-TRANSBAZ-1.png\",\"contentUrl\":\"https:\/\/transbaz.fr\/wp-content\/uploads\/2023\/07\/cropped-TRANSBAZ-1.png\",\"width\":4831,\"height\":1594,\"caption\":\"Transbaz\"},\"image\":{\"@id\":\"https:\/\/transbaz.fr\/#\/schema\/logo\/image\/\"}}]}<\/script>\n<!-- \/ Yoast SEO plugin. -->","yoast_head_json":{"title":"COMMISSIONNAIRE DE TRANSPORT - Transbaz","description":"TRANSBAZ organise librement le d\u00e9placement de vos marchandises d\u2019un lieu \u00e0 un autre selon les modes de transport les plus adapt\u00e9s.","robots":{"index":"index","follow":"follow","max-snippet":"max-snippet:-1","max-image-preview":"max-image-preview:large","max-video-preview":"max-video-preview:-1"},"canonical":"https:\/\/transbaz.fr\/index.php\/commissionnaire-de-transport\/","og_locale":"fr_FR","og_type":"article","og_title":"COMMISSIONNAIRE DE TRANSPORT - Transbaz","og_description":"TRANSBAZ organise librement le d\u00e9placement de vos marchandises d\u2019un lieu \u00e0 un autre selon les modes de transport les plus adapt\u00e9s.","og_url":"https:\/\/transbaz.fr\/index.php\/commissionnaire-de-transport\/","og_site_name":"Transbaz","article_modified_time":"2023-10-09T12:48:49+00:00","og_image":[{"width":766,"height":769,"url":"https:\/\/transbaz.fr\/wp-content\/uploads\/2023\/08\/cropped-PHOTO-2023-08-07-13-52-09-2.jpg","type":"image\/jpeg"}],"twitter_card":"summary_large_image","twitter_misc":{"Dur\u00e9e de lecture estim\u00e9e":"1 minute"},"schema":{"@context":"https:\/\/schema.org","@graph":[{"@type":"WebPage","@id":"https:\/\/transbaz.fr\/index.php\/commissionnaire-de-transport\/","url":"https:\/\/transbaz.fr\/index.php\/commissionnaire-de-transport\/","name":"COMMISSIONNAIRE DE TRANSPORT - Transbaz","isPartOf":{"@id":"https:\/\/transbaz.fr\/#website"},"primaryImageOfPage":{"@id":"https:\/\/transbaz.fr\/index.php\/commissionnaire-de-transport\/#primaryimage"},"image":{"@id":"https:\/\/transbaz.fr\/index.php\/commissionnaire-de-transport\/#primaryimage"},"thumbnailUrl":"https:\/\/transbaz.fr\/wp-content\/uploads\/2023\/08\/cropped-PHOTO-2023-08-07-13-52-09-2.jpg","datePublished":"2023-07-03T13:47:14+00:00","dateModified":"2023-10-09T12:48:49+00:00","description":"TRANSBAZ organise librement le d\u00e9placement de vos marchandises d\u2019un lieu \u00e0 un autre selon les modes de transport les plus adapt\u00e9s.","breadcrumb":{"@id":"https:\/\/transbaz.fr\/index.php\/commissionnaire-de-transport\/#breadcrumb"},"inLanguage":"fr-FR","potentialAction":[{"@type":"ReadAction","target":["https:\/\/transbaz.fr\/index.php\/commissionnaire-de-transport\/"]}]},{"@type":"ImageObject","inLanguage":"fr-FR","@id":"https:\/\/transbaz.fr\/index.php\/commissionnaire-de-transport\/#primaryimage","url":"https:\/\/transbaz.fr\/wp-content\/uploads\/2023\/08\/cropped-PHOTO-2023-08-07-13-52-09-2.jpg","contentUrl":"https:\/\/transbaz.fr\/wp-content\/uploads\/2023\/08\/cropped-PHOTO-2023-08-07-13-52-09-2.jpg","width":766,"height":769},{"@type":"BreadcrumbList","@id":"https:\/\/transbaz.fr\/index.php\/commissionnaire-de-transport\/#breadcrumb","itemListElement":[{"@type":"ListItem","position":1,"name":"Accueil","item":"https:\/\/transbaz.fr\/"},{"@type":"ListItem","position":2,"name":"COMMISSIONNAIRE DE TRANSPORT"}]},{"@type":"WebSite","@id":"https:\/\/transbaz.fr\/#website","url":"https:\/\/transbaz.fr\/","name":"Transbaz","description":"Transports de Travaux P\u00e9troliers Industriels","publisher":{"@id":"https:\/\/transbaz.fr\/#organization"},"potentialAction":[{"@type":"SearchAction","target":{"@type":"EntryPoint","urlTemplate":"https:\/\/transbaz.fr\/?s={search_term_string}"},"query-input":{"@type":"PropertyValueSpecification","valueRequired":true,"valueName":"search_term_string"}}],"inLanguage":"fr-FR"},{"@type":"Organization","@id":"https:\/\/transbaz.fr\/#organization","name":"Transbaz","url":"https:\/\/transbaz.fr\/","logo":{"@type":"ImageObject","inLanguage":"fr-FR","@id":"https:\/\/transbaz.fr\/#\/schema\/logo\/image\/","url":"https:\/\/transbaz.fr\/wp-content\/uploads\/2023\/07\/cropped-TRANSBAZ-1.png","contentUrl":"https:\/\/transbaz.fr\/wp-content\/uploads\/2023\/07\/cropped-TRANSBAZ-1.png","width":4831,"height":1594,"caption":"Transbaz"},"image":{"@id":"https:\/\/transbaz.fr\/#\/schema\/logo\/image\/"}}]}},"_links":{"self":[{"href":"https:\/\/transbaz.fr\/index.php\/wp-json\/wp\/v2\/pages\/57","targetHints":{"allow":["GET"]}}],"collection":[{"href":"https:\/\/transbaz.fr\/index.php\/wp-json\/wp\/v2\/pages"}],"about":[{"href":"https:\/\/transbaz.fr\/index.php\/wp-json\/wp\/v2\/types\/page"}],"author":[{"embeddable":true,"href":"https:\/\/transbaz.fr\/index.php\/wp-json\/wp\/v2\/users\/1"}],"replies":[{"embeddable":true,"href":"https:\/\/transbaz.fr\/index.php\/wp-json\/wp\/v2\/comments?post=57"}],"version-history":[{"count":9,"href":"https:\/\/transbaz.fr\/index.php\/wp-json\/wp\/v2\/pages\/57\/revisions"}],"predecessor-version":[{"id":547,"href":"https:\/\/transbaz.fr\/index.php\/wp-json\/wp\/v2\/pages\/57\/revisions\/547"}],"wp:featuredmedia":[{"embeddable":true,"href":"https:\/\/transbaz.fr\/index.php\/wp-json\/wp\/v2\/media\/342"}],"wp:attachment":[{"href":"https:\/\/transbaz.fr\/index.php\/wp-json\/wp\/v2\/media?parent=57"}],"curies":[{"name":"wp","href":"https:\/\/api.w.org\/{rel}","templated":true}]}}