{"id":55,"date":"2023-07-03T15:46:18","date_gmt":"2023-07-03T13:46:18","guid":{"rendered":"https:\/\/transbaz.fr\/?page_id=55"},"modified":"2023-10-09T14:47:30","modified_gmt":"2023-10-09T12:47:30","slug":"assainissement-hygiene-immobiliere","status":"publish","type":"page","link":"https:\/\/transbaz.fr\/index.php\/assainissement-hygiene-immobiliere\/","title":{"rendered":"ASSAINISSEMENT \/ HYGI\u00c8NE IMMOBILI\u00c8RE"},"content":{"rendered":"<div data-colibri-id=\"55-c1\" class=\"style-544 style-local-55-c1 position-relative\">\r\n  <!---->\r\n  <div data-colibri-component=\"section\" data-colibri-id=\"55-c2\" id=\"reusable-sections-2\" class=\"h-section h-section-global-spacing d-flex align-items-lg-center align-items-md-center align-items-center style-548 style-local-55-c2 h-overflow-hidden position-relative\">\r\n    <!---->\r\n    <!---->\r\n    <div class=\"h-section-grid-container h-section-fluid-container\">\r\n      <!---->\r\n      <div data-colibri-id=\"55-c3\" class=\"h-row-container gutters-row-lg-0 gutters-row-md-0 gutters-row-2 gutters-row-v-lg-0 gutters-row-v-md-0 gutters-row-v-2 style-549 style-local-55-c3 position-relative\">\r\n        <!---->\r\n        <div class=\"h-row justify-content-lg-center justify-content-md-center justify-content-center align-items-lg-stretch align-items-md-stretch align-items-stretch gutters-col-lg-0 gutters-col-md-0 gutters-col-2 gutters-col-v-lg-0 gutters-col-v-md-0 gutters-col-v-2\">\r\n          <!---->\r\n          <div class=\"h-column h-column-container d-flex h-col-lg-auto h-col-md-auto h-col-auto style-550-outer style-local-55-c4-outer\">\r\n            <div data-colibri-id=\"55-c4\" class=\"d-flex h-flex-basis h-column__inner h-ui-empty-state-container h-px-lg-0 h-px-md-0 h-px-0 v-inner-lg-0 v-inner-md-0 v-inner-0 style-550 style-local-55-c4 position-relative\">\r\n              <!---->\r\n              <!---->\r\n              <div class=\"w-100 h-y-container h-column__content h-column__v-align flex-basis-100\">\r\n                <!---->\r\n              <\/div>\r\n            <\/div>\r\n          <\/div>\r\n          <div class=\"h-column h-column-container d-flex h-col-lg-auto h-col-md-auto h-col-auto style-551-outer style-local-55-c5-outer\">\r\n            <div data-colibri-id=\"55-c5\" class=\"d-flex h-flex-basis h-column__inner h-px-lg-0 h-px-md-0 h-px-0 v-inner-lg-0 v-inner-md-0 v-inner-0 style-551 style-local-55-c5 position-relative\">\r\n              <!---->\r\n              <!---->\r\n              <div class=\"w-100 h-y-container h-column__content h-column__v-align flex-basis-100 align-self-lg-start align-self-md-start align-self-start\">\r\n                <!---->\r\n                <div data-colibri-id=\"55-c6\" class=\"h-global-transition-all h-heading style-552 style-local-55-c6 position-relative h-element\">\r\n                  <!---->\r\n                  <div class=\"h-heading__outer style-552 style-local-55-c6\">\r\n                    <!---->\r\n                    <!---->\r\n                    <h3 class=\"\"><span style=\"font-family: Montserrat; color: rgb(29, 29, 27); font-weight: 500;\">assainissement &#8211;<\/span>\r\n                      <br><span style=\"font-family: Montserrat; font-weight: 500;\">hygi\u00e8ne immobili\u00e8re<\/span><\/h3>\r\n                  <\/div>\r\n                <\/div>\r\n                <div data-colibri-id=\"55-c7\" class=\"h-text h-text-component style-553 style-local-55-c7 position-relative h-element\">\r\n                  <!---->\r\n                  <!---->\r\n                  <div class=\"\">\r\n                    <p><span style=\"font-family: Montserrat; color: rgb(29, 29, 27);\">Curage hydrodynamique, nettoyage et collecte des eaux us\u00e9es dans des ouvrages r\u00e9sidentiels et industriels, op\u00e9rations de nettoyage de s\u00e9parateurs hydrocarbures avec \u00e9vacuation et d\u00e9sinsectisation, op\u00e9ration d&rsquo;inspection cam\u00e9ra des canalisations.<\/span><\/p>\r\n                  <\/div>\r\n                <\/div>\r\n                <div data-colibri-id=\"55-c8\" class=\"h-row-container gutters-row-lg-2 gutters-row-md-2 gutters-row-0 gutters-row-v-lg-2 gutters-row-v-md-2 gutters-row-v-0 style-554 style-local-55-c8 position-relative\">\r\n                  <!---->\r\n                  <div class=\"h-row justify-content-lg-center justify-content-md-center justify-content-center align-items-lg-stretch align-items-md-stretch align-items-stretch gutters-col-lg-2 gutters-col-md-2 gutters-col-0 gutters-col-v-lg-2 gutters-col-v-md-2 gutters-col-v-0\">\r\n                    <!---->\r\n                    <div class=\"h-column h-column-container d-flex h-col-lg-6 h-col-md-6 h-col-6 style-555-outer style-local-55-c9-outer\">\r\n                      <div data-colibri-id=\"55-c9\" class=\"d-flex h-flex-basis h-column__inner h-px-lg-0 h-px-md-0 h-px-2 v-inner-lg-0 v-inner-md-0 v-inner-2 style-555 style-local-55-c9 position-relative\">\r\n                        <!---->\r\n                        <!---->\r\n                        <div class=\"w-100 h-y-container h-column__content h-column__v-align flex-basis-100 align-self-lg-start align-self-md-start align-self-start\">\r\n                          <!---->\r\n                          <div data-colibri-id=\"55-c10\" class=\"h-global-transition-all h-heading style-556 style-local-55-c10 position-relative h-element\">\r\n                            <!---->\r\n                            <div class=\"h-heading__outer style-556 style-local-55-c10\">\r\n                              <!---->\r\n                              <!---->\r\n                              <h6 class=\"\"><span style=\"font-family: Montserrat; color: rgb(224, 6, 20);\">C&rsquo;EST QUOI ?<\/span><\/h6>\r\n                            <\/div>\r\n                          <\/div>\r\n                          <div data-colibri-id=\"55-c11\" class=\"h-text h-text-component style-557 style-local-55-c11 position-relative h-element\">\r\n                            <!---->\r\n                            <!---->\r\n                            <div class=\"\">\r\n                              <p><span style=\"font-family: Montserrat; color: rgb(29, 29, 27);\">La r\u00e9glementation environnementale impose un suivi rigoureux sur les installations industrielles et ouvrages collectifs.<br> <\/span><span style=\"font-family: Montserrat; color: rgb(29, 29, 27); font-weight: 500;\">L\u2019<\/span>\r\n                                <strong\r\n                                  style=\"font-family: Montserrat; color: rgb(29, 29, 27); font-weight: 500;\">Assainissement dans l\u2019hygi\u00e8ne immobili\u00e8re<\/strong><span style=\"font-family: Montserrat; color: rgb(29, 29, 27);\">&nbsp;englobe toutes les prestations qui permettent de&nbsp;<\/span><strong style=\"font-family: Montserrat; color: rgb(29, 29, 27); font-weight: 500;\">garantir la salubrit\u00e9 et la p\u00e9rennit\u00e9<\/strong>\r\n                                  <span\r\n                                    style=\"font-family: Montserrat; color: rgb(29, 29, 27);\">&nbsp;des b\u00e2timents et des logements.<\/span>\r\n                              <\/p>\r\n                            <\/div>\r\n                          <\/div>\r\n                        <\/div>\r\n                      <\/div>\r\n                    <\/div>\r\n                    <div class=\"h-column h-column-container d-flex h-col-lg-6 h-col-md-6 h-col-6 style-555-outer style-local-55-c12-outer\">\r\n                      <div data-colibri-id=\"55-c12\" class=\"d-flex h-flex-basis h-column__inner h-px-lg-0 h-px-md-0 h-px-2 v-inner-lg-0 v-inner-md-0 v-inner-2 style-555 style-local-55-c12 position-relative\">\r\n                        <!---->\r\n                        <!---->\r\n                        <div class=\"w-100 h-y-container h-column__content h-column__v-align flex-basis-100 align-self-lg-start align-self-md-start align-self-start\">\r\n                          <!---->\r\n                          <div data-colibri-id=\"55-c13\" class=\"style-592 style-local-55-c13 position-relative h-element\">\r\n                            <!---->\r\n                          <\/div>\r\n                          <div data-colibri-id=\"55-c14\" class=\"h-text h-text-component style-557 style-local-55-c14 position-relative h-element\">\r\n                            <!---->\r\n                            <!---->\r\n                            <div class=\"\">\r\n                              <p><span style=\"font-weight: 400; font-size: 16px; font-family: Montserrat; color: rgb(29, 29, 27);\">Le champ d\u2019action de l\u2019hygi\u00e8ne dans l\u2019immobilier ne se limite pas qu\u2019aux logements mais concerne \u00e9galement l\u2019immobilier de bureau.&nbsp;<\/span>\r\n                                <br><span style=\"font-weight: 400; font-size: 16px; font-family: Montserrat; color: rgb(29, 29, 27);\">Les industries et entreprises visent aussi \u00e0 pr\u00e9server le patrimoine des collectivit\u00e9s et celles de l\u2019Etat (h\u00f4pitaux, prisons, casernes \u2026)<\/span><\/p>\r\n                            <\/div>\r\n                          <\/div>\r\n                        <\/div>\r\n                      <\/div>\r\n                    <\/div>\r\n                  <\/div>\r\n                <\/div>\r\n              <\/div>\r\n            <\/div>\r\n          <\/div>\r\n        <\/div>\r\n      <\/div>\r\n    <\/div>\r\n  <\/div>\r\n  <div data-colibri-component=\"section\" data-colibri-id=\"55-c15\" id=\"reusable-sections-3\" class=\"h-section h-section-global-spacing d-flex align-items-lg-center align-items-md-center align-items-center style-561 style-local-55-c15 position-relative\">\r\n    <!---->\r\n    <!---->\r\n    <div class=\"h-section-grid-container h-section-boxed-container\">\r\n      <!---->\r\n      <div data-colibri-id=\"55-c16\" class=\"h-row-container gutters-row-lg-2 gutters-row-md-2 gutters-row-0 gutters-row-v-lg-2 gutters-row-v-md-2 gutters-row-v-2 style-562 style-local-55-c16 position-relative\">\r\n        <!---->\r\n        <div class=\"h-row justify-content-lg-center justify-content-md-center justify-content-center align-items-lg-stretch align-items-md-stretch align-items-stretch gutters-col-lg-2 gutters-col-md-2 gutters-col-0 gutters-col-v-lg-2 gutters-col-v-md-2 gutters-col-v-2\">\r\n          <!---->\r\n          <div class=\"h-column h-column-container d-flex h-col-lg-6 h-col-md-6 h-col-12 style-563-outer style-local-55-c17-outer\">\r\n            <div data-colibri-id=\"55-c17\" class=\"d-flex h-flex-basis h-column__inner h-px-lg-0 h-px-md-0 h-px-2 v-inner-lg-0 v-inner-md-0 v-inner-2 style-563 style-local-55-c17 position-relative\">\r\n              <!---->\r\n              <!---->\r\n              <div class=\"w-100 h-y-container h-column__content h-column__v-align flex-basis-100 align-self-lg-center align-self-md-center align-self-center\">\r\n                <!---->\r\n                <div data-colibri-id=\"55-c18\" class=\"h-global-transition-all h-heading style-564 style-local-55-c18 position-relative h-element\">\r\n                  <!---->\r\n                  <div class=\"h-heading__outer style-564 style-local-55-c18\">\r\n                    <!---->\r\n                    <!---->\r\n                    <h2 class=\"\"><span style=\"font-weight: 500; font-family: Montserrat; color: rgb(255, 255, 255);\">CONTACTEZ NOUS !<\/span><\/h2>\r\n                  <\/div>\r\n                <\/div>\r\n              <\/div>\r\n            <\/div>\r\n          <\/div>\r\n          <div class=\"h-column h-column-container d-flex h-col-lg-6 h-col-md-6 h-col-12 style-565-outer style-local-55-c19-outer\">\r\n            <div data-colibri-id=\"55-c19\" class=\"d-flex h-flex-basis h-column__inner h-px-lg-0 h-px-md-0 h-px-2 v-inner-lg-0 v-inner-md-0 v-inner-2 style-565 style-local-55-c19 position-relative\">\r\n              <!---->\r\n              <!---->\r\n              <div class=\"w-100 h-y-container h-column__content h-column__v-align flex-basis-100 align-self-lg-center align-self-md-center align-self-center\">\r\n                <!---->\r\n                <div data-colibri-id=\"55-c20\" class=\"h-x-container style-566 style-local-55-c20 position-relative h-element\">\r\n                  <!---->\r\n                  <div class=\"h-x-container-inner style-dynamic-55-c20-group style-566-spacing style-local-55-c20-spacing\"><span class=\"h-button__outer style-567-outer style-local-55-c21-outer d-inline-flex h-element\"><a h-use-smooth-scroll=\"true\" href=\"https:\/\/transbaz.fr\/index.php\/contact\/\"  data-colibri-id=\"55-c21\" class=\"d-flex w-100 align-items-center h-button justify-content-lg-center justify-content-md-center justify-content-center style-567 style-local-55-c21 position-relative\"><!----><!----> <span>CONTACT<\/span><\/a>\r\n                    <\/span>\r\n                  <\/div>\r\n                <\/div>\r\n              <\/div>\r\n            <\/div>\r\n          <\/div>\r\n        <\/div>\r\n      <\/div>\r\n    <\/div>\r\n  <\/div>\r\n<\/div>","protected":false},"excerpt":{"rendered":"<p>assainissement &#8211; hygi\u00e8ne immobili\u00e8re Curage hydrodynamique, nettoyage et collecte des eaux us\u00e9es dans des ouvrages r\u00e9sidentiels et industriels, op\u00e9rations de nettoyage de s\u00e9parateurs hydrocarbures avec \u00e9vacuation et d\u00e9sinsectisation, op\u00e9ration d&rsquo;inspection cam\u00e9ra des canalisations. C&rsquo;EST QUOI ? La r\u00e9glementation environnementale impose un suivi rigoureux sur les installations industrielles et ouvrages collectifs. L\u2019 Assainissement dans l\u2019hygi\u00e8ne immobili\u00e8re&nbsp;englobe [&hellip;]<\/p>\n","protected":false},"author":1,"featured_media":384,"parent":0,"menu_order":0,"comment_status":"closed","ping_status":"closed","template":"page-templates\/full-width-page.php","meta":{"footnotes":""},"class_list":["post-55","page","type-page","status-publish","has-post-thumbnail","hentry"],"yoast_head":"<!-- This site is optimized with the Yoast SEO plugin v24.1 - https:\/\/yoast.com\/wordpress\/plugins\/seo\/ -->\n<title>ASSAINISSEMENT \/ HYGI\u00c8NE IMMOBILI\u00c8RE - Transbaz<\/title>\n<meta name=\"description\" content=\"L\u2019assainissement a pour fonction de collecter les eaux us\u00e9es, puis de les d\u00e9barrasser des pollutions dont elles se sont charg\u00e9es.\" \/>\n<meta name=\"robots\" content=\"index, follow, max-snippet:-1, max-image-preview:large, max-video-preview:-1\" \/>\n<link rel=\"canonical\" href=\"https:\/\/transbaz.fr\/index.php\/assainissement-hygiene-immobiliere\/\" \/>\n<meta property=\"og:locale\" content=\"fr_FR\" \/>\n<meta property=\"og:type\" content=\"article\" \/>\n<meta property=\"og:title\" content=\"ASSAINISSEMENT \/ HYGI\u00c8NE IMMOBILI\u00c8RE - Transbaz\" \/>\n<meta property=\"og:description\" content=\"L\u2019assainissement a pour fonction de collecter les eaux us\u00e9es, puis de les d\u00e9barrasser des pollutions dont elles se sont charg\u00e9es.\" \/>\n<meta property=\"og:url\" content=\"https:\/\/transbaz.fr\/index.php\/assainissement-hygiene-immobiliere\/\" \/>\n<meta property=\"og:site_name\" content=\"Transbaz\" \/>\n<meta property=\"article:modified_time\" content=\"2023-10-09T12:47:30+00:00\" \/>\n<meta property=\"og:image\" content=\"https:\/\/transbaz.fr\/wp-content\/uploads\/2023\/09\/cropped-BANQUE-DIMAGE-1-1000x720-1.png\" \/>\n\t<meta property=\"og:image:width\" content=\"720\" \/>\n\t<meta property=\"og:image:height\" content=\"720\" \/>\n\t<meta property=\"og:image:type\" content=\"image\/png\" \/>\n<meta name=\"twitter:card\" content=\"summary_large_image\" \/>\n<meta name=\"twitter:label1\" content=\"Dur\u00e9e de lecture estim\u00e9e\" \/>\n\t<meta name=\"twitter:data1\" content=\"1 minute\" \/>\n<script type=\"application\/ld+json\" class=\"yoast-schema-graph\">{\"@context\":\"https:\/\/schema.org\",\"@graph\":[{\"@type\":\"WebPage\",\"@id\":\"https:\/\/transbaz.fr\/index.php\/assainissement-hygiene-immobiliere\/\",\"url\":\"https:\/\/transbaz.fr\/index.php\/assainissement-hygiene-immobiliere\/\",\"name\":\"ASSAINISSEMENT \/ HYGI\u00c8NE IMMOBILI\u00c8RE - Transbaz\",\"isPartOf\":{\"@id\":\"https:\/\/transbaz.fr\/#website\"},\"primaryImageOfPage\":{\"@id\":\"https:\/\/transbaz.fr\/index.php\/assainissement-hygiene-immobiliere\/#primaryimage\"},\"image\":{\"@id\":\"https:\/\/transbaz.fr\/index.php\/assainissement-hygiene-immobiliere\/#primaryimage\"},\"thumbnailUrl\":\"https:\/\/transbaz.fr\/wp-content\/uploads\/2023\/09\/cropped-BANQUE-DIMAGE-1-1000x720-1.png\",\"datePublished\":\"2023-07-03T13:46:18+00:00\",\"dateModified\":\"2023-10-09T12:47:30+00:00\",\"description\":\"L\u2019assainissement a pour fonction de collecter les eaux us\u00e9es, puis de les d\u00e9barrasser des pollutions dont elles se sont charg\u00e9es.\",\"breadcrumb\":{\"@id\":\"https:\/\/transbaz.fr\/index.php\/assainissement-hygiene-immobiliere\/#breadcrumb\"},\"inLanguage\":\"fr-FR\",\"potentialAction\":[{\"@type\":\"ReadAction\",\"target\":[\"https:\/\/transbaz.fr\/index.php\/assainissement-hygiene-immobiliere\/\"]}]},{\"@type\":\"ImageObject\",\"inLanguage\":\"fr-FR\",\"@id\":\"https:\/\/transbaz.fr\/index.php\/assainissement-hygiene-immobiliere\/#primaryimage\",\"url\":\"https:\/\/transbaz.fr\/wp-content\/uploads\/2023\/09\/cropped-BANQUE-DIMAGE-1-1000x720-1.png\",\"contentUrl\":\"https:\/\/transbaz.fr\/wp-content\/uploads\/2023\/09\/cropped-BANQUE-DIMAGE-1-1000x720-1.png\",\"width\":720,\"height\":720},{\"@type\":\"BreadcrumbList\",\"@id\":\"https:\/\/transbaz.fr\/index.php\/assainissement-hygiene-immobiliere\/#breadcrumb\",\"itemListElement\":[{\"@type\":\"ListItem\",\"position\":1,\"name\":\"Accueil\",\"item\":\"https:\/\/transbaz.fr\/\"},{\"@type\":\"ListItem\",\"position\":2,\"name\":\"ASSAINISSEMENT \/ HYGI\u00c8NE IMMOBILI\u00c8RE\"}]},{\"@type\":\"WebSite\",\"@id\":\"https:\/\/transbaz.fr\/#website\",\"url\":\"https:\/\/transbaz.fr\/\",\"name\":\"Transbaz\",\"description\":\"Transports de Travaux P\u00e9troliers Industriels\",\"publisher\":{\"@id\":\"https:\/\/transbaz.fr\/#organization\"},\"potentialAction\":[{\"@type\":\"SearchAction\",\"target\":{\"@type\":\"EntryPoint\",\"urlTemplate\":\"https:\/\/transbaz.fr\/?s={search_term_string}\"},\"query-input\":{\"@type\":\"PropertyValueSpecification\",\"valueRequired\":true,\"valueName\":\"search_term_string\"}}],\"inLanguage\":\"fr-FR\"},{\"@type\":\"Organization\",\"@id\":\"https:\/\/transbaz.fr\/#organization\",\"name\":\"Transbaz\",\"url\":\"https:\/\/transbaz.fr\/\",\"logo\":{\"@type\":\"ImageObject\",\"inLanguage\":\"fr-FR\",\"@id\":\"https:\/\/transbaz.fr\/#\/schema\/logo\/image\/\",\"url\":\"https:\/\/transbaz.fr\/wp-content\/uploads\/2023\/07\/cropped-TRANSBAZ-1.png\",\"contentUrl\":\"https:\/\/transbaz.fr\/wp-content\/uploads\/2023\/07\/cropped-TRANSBAZ-1.png\",\"width\":4831,\"height\":1594,\"caption\":\"Transbaz\"},\"image\":{\"@id\":\"https:\/\/transbaz.fr\/#\/schema\/logo\/image\/\"}}]}<\/script>\n<!-- \/ Yoast SEO plugin. -->","yoast_head_json":{"title":"ASSAINISSEMENT \/ HYGI\u00c8NE IMMOBILI\u00c8RE - Transbaz","description":"L\u2019assainissement a pour fonction de collecter les eaux us\u00e9es, puis de les d\u00e9barrasser des pollutions dont elles se sont charg\u00e9es.","robots":{"index":"index","follow":"follow","max-snippet":"max-snippet:-1","max-image-preview":"max-image-preview:large","max-video-preview":"max-video-preview:-1"},"canonical":"https:\/\/transbaz.fr\/index.php\/assainissement-hygiene-immobiliere\/","og_locale":"fr_FR","og_type":"article","og_title":"ASSAINISSEMENT \/ HYGI\u00c8NE IMMOBILI\u00c8RE - Transbaz","og_description":"L\u2019assainissement a pour fonction de collecter les eaux us\u00e9es, puis de les d\u00e9barrasser des pollutions dont elles se sont charg\u00e9es.","og_url":"https:\/\/transbaz.fr\/index.php\/assainissement-hygiene-immobiliere\/","og_site_name":"Transbaz","article_modified_time":"2023-10-09T12:47:30+00:00","og_image":[{"width":720,"height":720,"url":"https:\/\/transbaz.fr\/wp-content\/uploads\/2023\/09\/cropped-BANQUE-DIMAGE-1-1000x720-1.png","type":"image\/png"}],"twitter_card":"summary_large_image","twitter_misc":{"Dur\u00e9e de lecture estim\u00e9e":"1 minute"},"schema":{"@context":"https:\/\/schema.org","@graph":[{"@type":"WebPage","@id":"https:\/\/transbaz.fr\/index.php\/assainissement-hygiene-immobiliere\/","url":"https:\/\/transbaz.fr\/index.php\/assainissement-hygiene-immobiliere\/","name":"ASSAINISSEMENT \/ HYGI\u00c8NE IMMOBILI\u00c8RE - Transbaz","isPartOf":{"@id":"https:\/\/transbaz.fr\/#website"},"primaryImageOfPage":{"@id":"https:\/\/transbaz.fr\/index.php\/assainissement-hygiene-immobiliere\/#primaryimage"},"image":{"@id":"https:\/\/transbaz.fr\/index.php\/assainissement-hygiene-immobiliere\/#primaryimage"},"thumbnailUrl":"https:\/\/transbaz.fr\/wp-content\/uploads\/2023\/09\/cropped-BANQUE-DIMAGE-1-1000x720-1.png","datePublished":"2023-07-03T13:46:18+00:00","dateModified":"2023-10-09T12:47:30+00:00","description":"L\u2019assainissement a pour fonction de collecter les eaux us\u00e9es, puis de les d\u00e9barrasser des pollutions dont elles se sont charg\u00e9es.","breadcrumb":{"@id":"https:\/\/transbaz.fr\/index.php\/assainissement-hygiene-immobiliere\/#breadcrumb"},"inLanguage":"fr-FR","potentialAction":[{"@type":"ReadAction","target":["https:\/\/transbaz.fr\/index.php\/assainissement-hygiene-immobiliere\/"]}]},{"@type":"ImageObject","inLanguage":"fr-FR","@id":"https:\/\/transbaz.fr\/index.php\/assainissement-hygiene-immobiliere\/#primaryimage","url":"https:\/\/transbaz.fr\/wp-content\/uploads\/2023\/09\/cropped-BANQUE-DIMAGE-1-1000x720-1.png","contentUrl":"https:\/\/transbaz.fr\/wp-content\/uploads\/2023\/09\/cropped-BANQUE-DIMAGE-1-1000x720-1.png","width":720,"height":720},{"@type":"BreadcrumbList","@id":"https:\/\/transbaz.fr\/index.php\/assainissement-hygiene-immobiliere\/#breadcrumb","itemListElement":[{"@type":"ListItem","position":1,"name":"Accueil","item":"https:\/\/transbaz.fr\/"},{"@type":"ListItem","position":2,"name":"ASSAINISSEMENT \/ HYGI\u00c8NE IMMOBILI\u00c8RE"}]},{"@type":"WebSite","@id":"https:\/\/transbaz.fr\/#website","url":"https:\/\/transbaz.fr\/","name":"Transbaz","description":"Transports de Travaux P\u00e9troliers Industriels","publisher":{"@id":"https:\/\/transbaz.fr\/#organization"},"potentialAction":[{"@type":"SearchAction","target":{"@type":"EntryPoint","urlTemplate":"https:\/\/transbaz.fr\/?s={search_term_string}"},"query-input":{"@type":"PropertyValueSpecification","valueRequired":true,"valueName":"search_term_string"}}],"inLanguage":"fr-FR"},{"@type":"Organization","@id":"https:\/\/transbaz.fr\/#organization","name":"Transbaz","url":"https:\/\/transbaz.fr\/","logo":{"@type":"ImageObject","inLanguage":"fr-FR","@id":"https:\/\/transbaz.fr\/#\/schema\/logo\/image\/","url":"https:\/\/transbaz.fr\/wp-content\/uploads\/2023\/07\/cropped-TRANSBAZ-1.png","contentUrl":"https:\/\/transbaz.fr\/wp-content\/uploads\/2023\/07\/cropped-TRANSBAZ-1.png","width":4831,"height":1594,"caption":"Transbaz"},"image":{"@id":"https:\/\/transbaz.fr\/#\/schema\/logo\/image\/"}}]}},"_links":{"self":[{"href":"https:\/\/transbaz.fr\/index.php\/wp-json\/wp\/v2\/pages\/55","targetHints":{"allow":["GET"]}}],"collection":[{"href":"https:\/\/transbaz.fr\/index.php\/wp-json\/wp\/v2\/pages"}],"about":[{"href":"https:\/\/transbaz.fr\/index.php\/wp-json\/wp\/v2\/types\/page"}],"author":[{"embeddable":true,"href":"https:\/\/transbaz.fr\/index.php\/wp-json\/wp\/v2\/users\/1"}],"replies":[{"embeddable":true,"href":"https:\/\/transbaz.fr\/index.php\/wp-json\/wp\/v2\/comments?post=55"}],"version-history":[{"count":8,"href":"https:\/\/transbaz.fr\/index.php\/wp-json\/wp\/v2\/pages\/55\/revisions"}],"predecessor-version":[{"id":533,"href":"https:\/\/transbaz.fr\/index.php\/wp-json\/wp\/v2\/pages\/55\/revisions\/533"}],"wp:featuredmedia":[{"embeddable":true,"href":"https:\/\/transbaz.fr\/index.php\/wp-json\/wp\/v2\/media\/384"}],"wp:attachment":[{"href":"https:\/\/transbaz.fr\/index.php\/wp-json\/wp\/v2\/media?parent=55"}],"curies":[{"name":"wp","href":"https:\/\/api.w.org\/{rel}","templated":true}]}}