{"id":53,"date":"2023-07-03T15:45:52","date_gmt":"2023-07-03T13:45:52","guid":{"rendered":"https:\/\/transbaz.fr\/?page_id=53"},"modified":"2023-10-09T14:47:01","modified_gmt":"2023-10-09T12:47:01","slug":"transport-petrolier","status":"publish","type":"page","link":"https:\/\/transbaz.fr\/index.php\/transport-petrolier\/","title":{"rendered":"TRANSPORT P\u00c9TROLIER"},"content":{"rendered":"<div data-colibri-id=\"53-c1\" class=\"style-418 style-local-53-c1 position-relative\">\r\n  <!---->\r\n  <div data-colibri-component=\"section\" data-colibri-id=\"53-c2\" id=\"content\" class=\"h-section h-section-global-spacing d-flex align-items-lg-center align-items-md-center align-items-center style-523 style-local-53-c2 h-overflow-hidden position-relative\">\r\n    <!---->\r\n    <!---->\r\n    <div class=\"h-section-grid-container h-section-fluid-container\">\r\n      <!---->\r\n      <div data-colibri-id=\"53-c3\" class=\"h-row-container gutters-row-lg-0 gutters-row-md-0 gutters-row-2 gutters-row-v-lg-0 gutters-row-v-md-0 gutters-row-v-2 style-524 style-local-53-c3 position-relative\">\r\n        <!---->\r\n        <div class=\"h-row justify-content-lg-center justify-content-md-center justify-content-center align-items-lg-stretch align-items-md-stretch align-items-stretch gutters-col-lg-0 gutters-col-md-0 gutters-col-2 gutters-col-v-lg-0 gutters-col-v-md-0 gutters-col-v-2\">\r\n          <!---->\r\n          <div class=\"h-column h-column-container d-flex h-col-lg-auto h-col-md-auto h-col-auto style-525-outer style-local-53-c4-outer\">\r\n            <div data-colibri-id=\"53-c4\" class=\"d-flex h-flex-basis h-column__inner h-ui-empty-state-container h-px-lg-0 h-px-md-0 h-px-0 v-inner-lg-0 v-inner-md-0 v-inner-0 style-525 style-local-53-c4 position-relative\">\r\n              <!---->\r\n              <!---->\r\n              <div class=\"w-100 h-y-container h-column__content h-column__v-align flex-basis-100\">\r\n                <!---->\r\n              <\/div>\r\n            <\/div>\r\n          <\/div>\r\n          <div class=\"h-column h-column-container d-flex h-col-lg-auto h-col-md-auto h-col-auto style-526-outer style-local-53-c5-outer\">\r\n            <div data-colibri-id=\"53-c5\" class=\"d-flex h-flex-basis h-column__inner h-px-lg-0 h-px-md-0 h-px-0 v-inner-lg-0 v-inner-md-0 v-inner-0 style-526 style-local-53-c5 position-relative\">\r\n              <!---->\r\n              <!---->\r\n              <div class=\"w-100 h-y-container h-column__content h-column__v-align flex-basis-100 align-self-lg-start align-self-md-start align-self-start\">\r\n                <!---->\r\n                <div data-colibri-id=\"53-c6\" class=\"h-global-transition-all h-heading style-527 style-local-53-c6 position-relative h-element\">\r\n                  <!---->\r\n                  <div class=\"h-heading__outer style-527 style-local-53-c6\">\r\n                    <!---->\r\n                    <!---->\r\n                    <h3 class=\"\"><span style=\"font-family: Montserrat; color: rgb(29, 29, 27); font-weight: 500;\">TRANSPORT P\u00c9TROLIER<\/span><\/h3>\r\n                  <\/div>\r\n                <\/div>\r\n                <div data-colibri-id=\"53-c7\" class=\"h-text h-text-component style-529 style-local-53-c7 position-relative h-element\">\r\n                  <!---->\r\n                  <!---->\r\n                  <div class=\"\">\r\n                    <p><span style=\"font-family: Montserrat; color: rgb(29, 29, 27);\">Sp\u00e9cialis\u00e9 dans le transport des travaux industriels p\u00e9troliers, <\/span><span style=\"font-family: Montserrat; color: rgb(29, 29, 27); font-weight: 600;\">TRANSBAZ<\/span>\r\n                      <span\r\n                        style=\"font-family: Montserrat; color: rgb(29, 29, 27);\"> organise le transport par camion qui est la derni\u00e8re \u00e9tape de l&rsquo;acheminement du carburant vers les points de service o\u00f9 il sera utilis\u00e9. C&rsquo;est le coeur de l&rsquo;activit\u00e9 de <\/span><span style=\"font-family: Montserrat; color: rgb(29, 29, 27); font-weight: 600;\">TRANSBAZ<\/span>\r\n                        <span\r\n                          style=\"font-family: Montserrat; color: rgb(29, 29, 27);\">.<\/span>\r\n                    <\/p>\r\n                  <\/div>\r\n                <\/div>\r\n                <div data-colibri-id=\"53-c8\" class=\"h-row-container gutters-row-lg-2 gutters-row-md-2 gutters-row-0 gutters-row-v-lg-2 gutters-row-v-md-2 gutters-row-v-0 style-530 style-local-53-c8 position-relative\">\r\n                  <!---->\r\n                  <div class=\"h-row justify-content-lg-center justify-content-md-center justify-content-center align-items-lg-stretch align-items-md-stretch align-items-stretch gutters-col-lg-2 gutters-col-md-2 gutters-col-0 gutters-col-v-lg-2 gutters-col-v-md-2 gutters-col-v-0\">\r\n                    <!---->\r\n                    <div class=\"h-column h-column-container d-flex h-col-lg-6 h-col-md-6 h-col-6 style-531-outer style-local-53-c9-outer\">\r\n                      <div data-colibri-id=\"53-c9\" class=\"d-flex h-flex-basis h-column__inner h-px-lg-0 h-px-md-0 h-px-2 v-inner-lg-0 v-inner-md-0 v-inner-2 style-531 style-local-53-c9 position-relative\">\r\n                        <!---->\r\n                        <!---->\r\n                        <div class=\"w-100 h-y-container h-column__content h-column__v-align flex-basis-100 align-self-lg-start align-self-md-start align-self-start\">\r\n                          <!---->\r\n                          <div data-colibri-id=\"53-c10\" class=\"h-global-transition-all h-heading style-532 style-local-53-c10 position-relative h-element\">\r\n                            <!---->\r\n                            <div class=\"h-heading__outer style-532 style-local-53-c10\">\r\n                              <!---->\r\n                              <!---->\r\n                              <h6 class=\"\"><span style=\"color: rgb(224, 6, 20); font-family: Montserrat;\">COMMENT \u00c7A MARCHE ?<\/span><\/h6>\r\n                            <\/div>\r\n                          <\/div>\r\n                          <div data-colibri-id=\"53-c11\" class=\"h-text h-text-component style-533 style-local-53-c11 position-relative h-element\">\r\n                            <!---->\r\n                            <!---->\r\n                            <div class=\"\">\r\n                              <p><span style=\"color: rgb(29, 29, 27); font-family: Montserrat;\">Les produits p\u00e9troliers contenus dans les camions-citernes sont souvent r\u00e9partis dans un ou plusieurs compartiments afin de s\u00e9parer les diff\u00e9rents types et qualit\u00e9s de carburant (un m\u00eame camion peut contenir des produits p\u00e9troliers diff\u00e9rents par exemple du gasoil et du E10). De cette fa\u00e7on, les camions peuvent transporter tous les types de carburant dont les stations-service ont besoin en un seul voyage.&nbsp;<\/span><\/p>\r\n                            <\/div>\r\n                          <\/div>\r\n                        <\/div>\r\n                      <\/div>\r\n                    <\/div>\r\n                    <div class=\"h-column h-column-container d-flex h-col-lg-6 h-col-md-6 h-col-6 style-531-outer style-local-53-c12-outer\">\r\n                      <div data-colibri-id=\"53-c12\" class=\"d-flex h-flex-basis h-column__inner h-px-lg-0 h-px-md-0 h-px-2 v-inner-lg-0 v-inner-md-0 v-inner-2 style-531 style-local-53-c12 position-relative\">\r\n                        <!---->\r\n                        <!---->\r\n                        <div class=\"w-100 h-y-container h-column__content h-column__v-align flex-basis-100 align-self-lg-start align-self-md-start align-self-start\">\r\n                          <!---->\r\n                          <div data-colibri-id=\"53-c13\" class=\"h-global-transition-all h-heading style-532 style-local-53-c13 position-relative h-element\">\r\n                            <!---->\r\n                            <div class=\"h-heading__outer style-532 style-local-53-c13\">\r\n                              <!---->\r\n                              <!---->\r\n                              <h6 class=\"\"><span style=\"color: rgb(224, 6, 20); font-family: Montserrat;\">O\u00d9 EST-IL ACHEMIN\u00c9 ?<\/span><\/h6>\r\n                            <\/div>\r\n                          <\/div>\r\n                          <div data-colibri-id=\"53-c14\" class=\"h-text h-text-component style-533 style-local-53-c14 position-relative h-element\">\r\n                            <!---->\r\n                            <!---->\r\n                            <div class=\"\">\r\n                              <p><span style=\"font-family: Montserrat; color: rgb(29, 29, 27);\">En plus d\u2019acheminer les produits p\u00e9troliers aux stations-service, nos camions-citernes peuvent \u00e9galement transporter du carbur\u00e9acteur aux a\u00e9roports (Jet A1 ou K\u00e9ros\u00e8ne), ainsi que du fuel domestique et d\u2019autres carburants destin\u00e9s \u00e0 l&rsquo;industrie et au syst\u00e8me de chauffage r\u00e9sidentiel. <br>Le camion est le moyen qui offre le plus de flexibilit\u00e9 en mati\u00e8re de transport p\u00e9trolier.<\/span><\/p>\r\n                            <\/div>\r\n                          <\/div>\r\n                        <\/div>\r\n                      <\/div>\r\n                    <\/div>\r\n                  <\/div>\r\n                <\/div>\r\n              <\/div>\r\n            <\/div>\r\n          <\/div>\r\n        <\/div>\r\n      <\/div>\r\n    <\/div>\r\n  <\/div>\r\n  <div data-colibri-component=\"section\" data-colibri-id=\"53-c15\" id=\"reusable-sections-2\" class=\"h-section h-section-global-spacing d-flex align-items-lg-center align-items-md-center align-items-center style-537 style-local-53-c15 position-relative\">\r\n    <!---->\r\n    <!---->\r\n    <div class=\"h-section-grid-container h-section-boxed-container\">\r\n      <!---->\r\n      <div data-colibri-id=\"53-c16\" class=\"h-row-container gutters-row-lg-2 gutters-row-md-2 gutters-row-0 gutters-row-v-lg-2 gutters-row-v-md-2 gutters-row-v-2 style-538 style-local-53-c16 position-relative\">\r\n        <!---->\r\n        <div class=\"h-row justify-content-lg-center justify-content-md-center justify-content-center align-items-lg-stretch align-items-md-stretch align-items-stretch gutters-col-lg-2 gutters-col-md-2 gutters-col-0 gutters-col-v-lg-2 gutters-col-v-md-2 gutters-col-v-2\">\r\n          <!---->\r\n          <div class=\"h-column h-column-container d-flex h-col-lg-6 h-col-md-6 h-col-12 style-539-outer style-local-53-c17-outer\">\r\n            <div data-colibri-id=\"53-c17\" class=\"d-flex h-flex-basis h-column__inner h-px-lg-0 h-px-md-0 h-px-2 v-inner-lg-0 v-inner-md-0 v-inner-2 style-539 style-local-53-c17 position-relative\">\r\n              <!---->\r\n              <!---->\r\n              <div class=\"w-100 h-y-container h-column__content h-column__v-align flex-basis-100 align-self-lg-center align-self-md-center align-self-center\">\r\n                <!---->\r\n                <div data-colibri-id=\"53-c18\" class=\"h-global-transition-all h-heading style-540 style-local-53-c18 position-relative h-element\">\r\n                  <!---->\r\n                  <div class=\"h-heading__outer style-540 style-local-53-c18\">\r\n                    <!---->\r\n                    <!---->\r\n                    <h2 class=\"\"><span style=\"color: rgb(255, 255, 255); font-family: Montserrat; font-weight: 500;\">CONTACTEZ NOUS !<\/span><\/h2>\r\n                  <\/div>\r\n                <\/div>\r\n              <\/div>\r\n            <\/div>\r\n          <\/div>\r\n          <div class=\"h-column h-column-container d-flex h-col-lg-6 h-col-md-6 h-col-12 style-541-outer style-local-53-c19-outer\">\r\n            <div data-colibri-id=\"53-c19\" class=\"d-flex h-flex-basis h-column__inner h-px-lg-0 h-px-md-0 h-px-2 v-inner-lg-0 v-inner-md-0 v-inner-2 style-541 style-local-53-c19 position-relative\">\r\n              <!---->\r\n              <!---->\r\n              <div class=\"w-100 h-y-container h-column__content h-column__v-align flex-basis-100 align-self-lg-center align-self-md-center align-self-center\">\r\n                <!---->\r\n                <div data-colibri-id=\"53-c20\" class=\"h-x-container style-542 style-local-53-c20 position-relative h-element\">\r\n                  <!---->\r\n                  <div class=\"h-x-container-inner style-dynamic-53-c20-group style-542-spacing style-local-53-c20-spacing\"><span class=\"h-button__outer style-543-outer style-local-53-c21-outer d-inline-flex h-element\"><a h-use-smooth-scroll=\"true\" href=\"https:\/\/transbaz.fr\/index.php\/contact\/\"  data-colibri-id=\"53-c21\" class=\"d-flex w-100 align-items-center h-button justify-content-lg-center justify-content-md-center justify-content-center style-543 style-local-53-c21 position-relative\"><!----><!----> <span>CONTACT<\/span><\/a>\r\n                    <\/span>\r\n                  <\/div>\r\n                <\/div>\r\n              <\/div>\r\n            <\/div>\r\n          <\/div>\r\n        <\/div>\r\n      <\/div>\r\n    <\/div>\r\n  <\/div>\r\n<\/div>","protected":false},"excerpt":{"rendered":"<p>TRANSPORT P\u00c9TROLIER Sp\u00e9cialis\u00e9 dans le transport des travaux industriels p\u00e9troliers, TRANSBAZ organise le transport par camion qui est la derni\u00e8re \u00e9tape de l&rsquo;acheminement du carburant vers les points de service o\u00f9 il sera utilis\u00e9. C&rsquo;est le coeur de l&rsquo;activit\u00e9 de TRANSBAZ . COMMENT \u00c7A MARCHE ? Les produits p\u00e9troliers contenus dans les camions-citernes sont souvent [&hellip;]<\/p>\n","protected":false},"author":1,"featured_media":344,"parent":0,"menu_order":0,"comment_status":"closed","ping_status":"closed","template":"page-templates\/full-width-page.php","meta":{"footnotes":""},"class_list":["post-53","page","type-page","status-publish","has-post-thumbnail","hentry"],"yoast_head":"<!-- This site is optimized with the Yoast SEO plugin v24.1 - https:\/\/yoast.com\/wordpress\/plugins\/seo\/ -->\n<title>TRANSPORT P\u00c9TROLIER - Transbaz<\/title>\n<meta name=\"description\" content=\"Le transport par camion est g\u00e9n\u00e9ralement la derni\u00e8re \u00e9tape dans l\u2019acheminement du p\u00e9trole vers les points de service.\" \/>\n<meta name=\"robots\" content=\"index, follow, max-snippet:-1, max-image-preview:large, max-video-preview:-1\" \/>\n<link rel=\"canonical\" href=\"https:\/\/transbaz.fr\/index.php\/transport-petrolier\/\" \/>\n<meta property=\"og:locale\" content=\"fr_FR\" \/>\n<meta property=\"og:type\" content=\"article\" \/>\n<meta property=\"og:title\" content=\"TRANSPORT P\u00c9TROLIER - Transbaz\" \/>\n<meta property=\"og:description\" content=\"Le transport par camion est g\u00e9n\u00e9ralement la derni\u00e8re \u00e9tape dans l\u2019acheminement du p\u00e9trole vers les points de service.\" \/>\n<meta property=\"og:url\" content=\"https:\/\/transbaz.fr\/index.php\/transport-petrolier\/\" \/>\n<meta property=\"og:site_name\" content=\"Transbaz\" \/>\n<meta property=\"article:modified_time\" content=\"2023-10-09T12:47:01+00:00\" \/>\n<meta property=\"og:image\" content=\"https:\/\/transbaz.fr\/wp-content\/uploads\/2023\/08\/cropped-PHOTO-2023-08-07-13-52-09-3-1.jpg\" \/>\n\t<meta property=\"og:image:width\" content=\"768\" \/>\n\t<meta property=\"og:image:height\" content=\"768\" \/>\n\t<meta property=\"og:image:type\" content=\"image\/jpeg\" \/>\n<meta name=\"twitter:card\" content=\"summary_large_image\" \/>\n<meta name=\"twitter:label1\" content=\"Dur\u00e9e de lecture estim\u00e9e\" \/>\n\t<meta name=\"twitter:data1\" content=\"1 minute\" \/>\n<script type=\"application\/ld+json\" class=\"yoast-schema-graph\">{\"@context\":\"https:\/\/schema.org\",\"@graph\":[{\"@type\":\"WebPage\",\"@id\":\"https:\/\/transbaz.fr\/index.php\/transport-petrolier\/\",\"url\":\"https:\/\/transbaz.fr\/index.php\/transport-petrolier\/\",\"name\":\"TRANSPORT P\u00c9TROLIER - Transbaz\",\"isPartOf\":{\"@id\":\"https:\/\/transbaz.fr\/#website\"},\"primaryImageOfPage\":{\"@id\":\"https:\/\/transbaz.fr\/index.php\/transport-petrolier\/#primaryimage\"},\"image\":{\"@id\":\"https:\/\/transbaz.fr\/index.php\/transport-petrolier\/#primaryimage\"},\"thumbnailUrl\":\"https:\/\/transbaz.fr\/wp-content\/uploads\/2023\/08\/cropped-PHOTO-2023-08-07-13-52-09-3-1.jpg\",\"datePublished\":\"2023-07-03T13:45:52+00:00\",\"dateModified\":\"2023-10-09T12:47:01+00:00\",\"description\":\"Le transport par camion est g\u00e9n\u00e9ralement la derni\u00e8re \u00e9tape dans l\u2019acheminement du p\u00e9trole vers les points de service.\",\"breadcrumb\":{\"@id\":\"https:\/\/transbaz.fr\/index.php\/transport-petrolier\/#breadcrumb\"},\"inLanguage\":\"fr-FR\",\"potentialAction\":[{\"@type\":\"ReadAction\",\"target\":[\"https:\/\/transbaz.fr\/index.php\/transport-petrolier\/\"]}]},{\"@type\":\"ImageObject\",\"inLanguage\":\"fr-FR\",\"@id\":\"https:\/\/transbaz.fr\/index.php\/transport-petrolier\/#primaryimage\",\"url\":\"https:\/\/transbaz.fr\/wp-content\/uploads\/2023\/08\/cropped-PHOTO-2023-08-07-13-52-09-3-1.jpg\",\"contentUrl\":\"https:\/\/transbaz.fr\/wp-content\/uploads\/2023\/08\/cropped-PHOTO-2023-08-07-13-52-09-3-1.jpg\",\"width\":768,\"height\":768},{\"@type\":\"BreadcrumbList\",\"@id\":\"https:\/\/transbaz.fr\/index.php\/transport-petrolier\/#breadcrumb\",\"itemListElement\":[{\"@type\":\"ListItem\",\"position\":1,\"name\":\"Accueil\",\"item\":\"https:\/\/transbaz.fr\/\"},{\"@type\":\"ListItem\",\"position\":2,\"name\":\"TRANSPORT P\u00c9TROLIER\"}]},{\"@type\":\"WebSite\",\"@id\":\"https:\/\/transbaz.fr\/#website\",\"url\":\"https:\/\/transbaz.fr\/\",\"name\":\"Transbaz\",\"description\":\"Transports de Travaux P\u00e9troliers Industriels\",\"publisher\":{\"@id\":\"https:\/\/transbaz.fr\/#organization\"},\"potentialAction\":[{\"@type\":\"SearchAction\",\"target\":{\"@type\":\"EntryPoint\",\"urlTemplate\":\"https:\/\/transbaz.fr\/?s={search_term_string}\"},\"query-input\":{\"@type\":\"PropertyValueSpecification\",\"valueRequired\":true,\"valueName\":\"search_term_string\"}}],\"inLanguage\":\"fr-FR\"},{\"@type\":\"Organization\",\"@id\":\"https:\/\/transbaz.fr\/#organization\",\"name\":\"Transbaz\",\"url\":\"https:\/\/transbaz.fr\/\",\"logo\":{\"@type\":\"ImageObject\",\"inLanguage\":\"fr-FR\",\"@id\":\"https:\/\/transbaz.fr\/#\/schema\/logo\/image\/\",\"url\":\"https:\/\/transbaz.fr\/wp-content\/uploads\/2023\/07\/cropped-TRANSBAZ-1.png\",\"contentUrl\":\"https:\/\/transbaz.fr\/wp-content\/uploads\/2023\/07\/cropped-TRANSBAZ-1.png\",\"width\":4831,\"height\":1594,\"caption\":\"Transbaz\"},\"image\":{\"@id\":\"https:\/\/transbaz.fr\/#\/schema\/logo\/image\/\"}}]}<\/script>\n<!-- \/ Yoast SEO plugin. -->","yoast_head_json":{"title":"TRANSPORT P\u00c9TROLIER - Transbaz","description":"Le transport par camion est g\u00e9n\u00e9ralement la derni\u00e8re \u00e9tape dans l\u2019acheminement du p\u00e9trole vers les points de service.","robots":{"index":"index","follow":"follow","max-snippet":"max-snippet:-1","max-image-preview":"max-image-preview:large","max-video-preview":"max-video-preview:-1"},"canonical":"https:\/\/transbaz.fr\/index.php\/transport-petrolier\/","og_locale":"fr_FR","og_type":"article","og_title":"TRANSPORT P\u00c9TROLIER - Transbaz","og_description":"Le transport par camion est g\u00e9n\u00e9ralement la derni\u00e8re \u00e9tape dans l\u2019acheminement du p\u00e9trole vers les points de service.","og_url":"https:\/\/transbaz.fr\/index.php\/transport-petrolier\/","og_site_name":"Transbaz","article_modified_time":"2023-10-09T12:47:01+00:00","og_image":[{"width":768,"height":768,"url":"https:\/\/transbaz.fr\/wp-content\/uploads\/2023\/08\/cropped-PHOTO-2023-08-07-13-52-09-3-1.jpg","type":"image\/jpeg"}],"twitter_card":"summary_large_image","twitter_misc":{"Dur\u00e9e de lecture estim\u00e9e":"1 minute"},"schema":{"@context":"https:\/\/schema.org","@graph":[{"@type":"WebPage","@id":"https:\/\/transbaz.fr\/index.php\/transport-petrolier\/","url":"https:\/\/transbaz.fr\/index.php\/transport-petrolier\/","name":"TRANSPORT P\u00c9TROLIER - Transbaz","isPartOf":{"@id":"https:\/\/transbaz.fr\/#website"},"primaryImageOfPage":{"@id":"https:\/\/transbaz.fr\/index.php\/transport-petrolier\/#primaryimage"},"image":{"@id":"https:\/\/transbaz.fr\/index.php\/transport-petrolier\/#primaryimage"},"thumbnailUrl":"https:\/\/transbaz.fr\/wp-content\/uploads\/2023\/08\/cropped-PHOTO-2023-08-07-13-52-09-3-1.jpg","datePublished":"2023-07-03T13:45:52+00:00","dateModified":"2023-10-09T12:47:01+00:00","description":"Le transport par camion est g\u00e9n\u00e9ralement la derni\u00e8re \u00e9tape dans l\u2019acheminement du p\u00e9trole vers les points de service.","breadcrumb":{"@id":"https:\/\/transbaz.fr\/index.php\/transport-petrolier\/#breadcrumb"},"inLanguage":"fr-FR","potentialAction":[{"@type":"ReadAction","target":["https:\/\/transbaz.fr\/index.php\/transport-petrolier\/"]}]},{"@type":"ImageObject","inLanguage":"fr-FR","@id":"https:\/\/transbaz.fr\/index.php\/transport-petrolier\/#primaryimage","url":"https:\/\/transbaz.fr\/wp-content\/uploads\/2023\/08\/cropped-PHOTO-2023-08-07-13-52-09-3-1.jpg","contentUrl":"https:\/\/transbaz.fr\/wp-content\/uploads\/2023\/08\/cropped-PHOTO-2023-08-07-13-52-09-3-1.jpg","width":768,"height":768},{"@type":"BreadcrumbList","@id":"https:\/\/transbaz.fr\/index.php\/transport-petrolier\/#breadcrumb","itemListElement":[{"@type":"ListItem","position":1,"name":"Accueil","item":"https:\/\/transbaz.fr\/"},{"@type":"ListItem","position":2,"name":"TRANSPORT P\u00c9TROLIER"}]},{"@type":"WebSite","@id":"https:\/\/transbaz.fr\/#website","url":"https:\/\/transbaz.fr\/","name":"Transbaz","description":"Transports de Travaux P\u00e9troliers Industriels","publisher":{"@id":"https:\/\/transbaz.fr\/#organization"},"potentialAction":[{"@type":"SearchAction","target":{"@type":"EntryPoint","urlTemplate":"https:\/\/transbaz.fr\/?s={search_term_string}"},"query-input":{"@type":"PropertyValueSpecification","valueRequired":true,"valueName":"search_term_string"}}],"inLanguage":"fr-FR"},{"@type":"Organization","@id":"https:\/\/transbaz.fr\/#organization","name":"Transbaz","url":"https:\/\/transbaz.fr\/","logo":{"@type":"ImageObject","inLanguage":"fr-FR","@id":"https:\/\/transbaz.fr\/#\/schema\/logo\/image\/","url":"https:\/\/transbaz.fr\/wp-content\/uploads\/2023\/07\/cropped-TRANSBAZ-1.png","contentUrl":"https:\/\/transbaz.fr\/wp-content\/uploads\/2023\/07\/cropped-TRANSBAZ-1.png","width":4831,"height":1594,"caption":"Transbaz"},"image":{"@id":"https:\/\/transbaz.fr\/#\/schema\/logo\/image\/"}}]}},"_links":{"self":[{"href":"https:\/\/transbaz.fr\/index.php\/wp-json\/wp\/v2\/pages\/53","targetHints":{"allow":["GET"]}}],"collection":[{"href":"https:\/\/transbaz.fr\/index.php\/wp-json\/wp\/v2\/pages"}],"about":[{"href":"https:\/\/transbaz.fr\/index.php\/wp-json\/wp\/v2\/types\/page"}],"author":[{"embeddable":true,"href":"https:\/\/transbaz.fr\/index.php\/wp-json\/wp\/v2\/users\/1"}],"replies":[{"embeddable":true,"href":"https:\/\/transbaz.fr\/index.php\/wp-json\/wp\/v2\/comments?post=53"}],"version-history":[{"count":9,"href":"https:\/\/transbaz.fr\/index.php\/wp-json\/wp\/v2\/pages\/53\/revisions"}],"predecessor-version":[{"id":526,"href":"https:\/\/transbaz.fr\/index.php\/wp-json\/wp\/v2\/pages\/53\/revisions\/526"}],"wp:featuredmedia":[{"embeddable":true,"href":"https:\/\/transbaz.fr\/index.php\/wp-json\/wp\/v2\/media\/344"}],"wp:attachment":[{"href":"https:\/\/transbaz.fr\/index.php\/wp-json\/wp\/v2\/media?parent=53"}],"curies":[{"name":"wp","href":"https:\/\/api.w.org\/{rel}","templated":true}]}}