{"id":46,"date":"2023-07-03T15:40:58","date_gmt":"2023-07-03T13:40:58","guid":{"rendered":"https:\/\/transbaz.fr\/?page_id=46"},"modified":"2024-07-15T10:39:26","modified_gmt":"2024-07-15T08:39:26","slug":"cgu","status":"publish","type":"page","link":"https:\/\/transbaz.fr\/index.php\/cgu\/","title":{"rendered":"POLITIQUE DE CONFIDENTIALIT\u00c9"},"content":{"rendered":"<div data-colibri-id=\"46-c1\" class=\"style-498 style-local-46-c1 position-relative\">\r\n  <!---->\r\n  <div data-colibri-component=\"section\" data-colibri-id=\"46-c6\" id=\"custom\" class=\"h-section h-section-global-spacing d-flex align-items-lg-center align-items-md-center align-items-center style-503 style-local-46-c6 position-relative\">\r\n    <!---->\r\n    <!---->\r\n    <div class=\"h-section-grid-container h-section-boxed-container\">\r\n      <!---->\r\n      <div data-colibri-id=\"46-c7\" class=\"h-row-container gutters-row-lg-2 gutters-row-md-2 gutters-row-0 gutters-row-v-lg-2 gutters-row-v-md-2 gutters-row-v-2 style-504 style-local-46-c7 position-relative\">\r\n        <!---->\r\n        <div class=\"h-row justify-content-lg-center justify-content-md-center justify-content-center align-items-lg-stretch align-items-md-stretch align-items-stretch gutters-col-lg-2 gutters-col-md-2 gutters-col-0 gutters-col-v-lg-2 gutters-col-v-md-2 gutters-col-v-2\">\r\n          <!---->\r\n          <div class=\"h-column h-column-container d-flex h-col-lg-auto h-col-md-auto h-col-auto style-505-outer style-local-46-c8-outer\">\r\n            <div data-colibri-id=\"46-c8\" class=\"d-flex h-flex-basis h-column__inner h-px-lg-2 h-px-md-2 h-px-2 v-inner-lg-2 v-inner-md-2 v-inner-2 style-505 style-local-46-c8 position-relative\">\r\n              <!---->\r\n              <!---->\r\n              <div class=\"w-100 h-y-container h-column__content h-column__v-align flex-basis-100 align-self-lg-start align-self-md-start align-self-start\">\r\n                <!---->\r\n                <div data-colibri-id=\"46-c9\" class=\"h-text h-text-component style-506 style-local-46-c9 position-relative h-element\">\r\n                  <!---->\r\n                  <!---->\r\n                  <div class=\"\">\r\n                    <h2><span style=\"font-family: Muli; color: rgb(29, 29, 27);\">Qui sommes-nous&nbsp;?<\/span><\/h2>\r\n                    <p><span style=\"font-family: Muli; color: rgb(29, 29, 27);\">L\u2019adresse de notre site est&nbsp;: https:\/\/transbaz.fr<\/span><\/p>\r\n                    <h2><span style=\"font-family: Muli; color: rgb(29, 29, 27);\">Commentaires<\/span><\/h2>\r\n                    <p><span style=\"font-family: Muli; color: rgb(29, 29, 27);\">Quand vous laissez un commentaire sur notre site, les donn\u00e9es inscrites dans le formulaire de commentaire, ainsi que votre adresse IP et l\u2019agent utilisateur de votre navigateur sont collect\u00e9s pour nous aider \u00e0 la d\u00e9tection des commentaires ind\u00e9sirables.<\/span><\/p>\r\n                    <p><span style=\"font-family: Muli; color: rgb(29, 29, 27);\">Une cha\u00eene anonymis\u00e9e cr\u00e9\u00e9e \u00e0 partir de votre adresse e-mail (\u00e9galement appel\u00e9e hash) peut \u00eatre envoy\u00e9e au service Gravatar pour v\u00e9rifier si vous utilisez ce dernier. Les clauses de confidentialit\u00e9 du service Gravatar sont disponibles ici&nbsp;: https:\/\/automattic.com\/privacy\/. Apr\u00e8s validation de votre commentaire, votre photo de profil sera visible publiquement \u00e0 cot\u00e9 de votre commentaire.<\/span><\/p>\r\n                    <h2><span style=\"font-family: Muli; color: rgb(29, 29, 27);\">M\u00e9dias<\/span><\/h2>\r\n                    <p><span style=\"font-family: Muli; color: rgb(29, 29, 27);\">Si vous t\u00e9l\u00e9versez des images sur le site, nous vous conseillons d\u2019\u00e9viter de t\u00e9l\u00e9verser des images contenant des donn\u00e9es EXIF de coordonn\u00e9es GPS. Les personnes visitant votre site peuvent t\u00e9l\u00e9charger et extraire des donn\u00e9es de localisation depuis ces images.<\/span><\/p>\r\n                    <h2><span style=\"font-family: Muli; color: rgb(29, 29, 27);\">Cookies<\/span><\/h2>\r\n                    <p><span style=\"font-family: Muli; color: rgb(29, 29, 27);\">Si vous d\u00e9posez un commentaire sur notre site, il vous sera propos\u00e9 d\u2019enregistrer votre nom, adresse e-mail et site dans des cookies. C\u2019est uniquement pour votre confort afin de ne pas avoir \u00e0 saisir ces informations si vous d\u00e9posez un autre commentaire plus tard. Ces cookies expirent au bout d\u2019un an.<\/span><\/p>\r\n                    <p><span style=\"font-family: Muli; color: rgb(29, 29, 27);\">Si vous vous rendez sur la page de connexion, un cookie temporaire sera cr\u00e9\u00e9 afin de d\u00e9terminer si votre navigateur accepte les cookies. Il ne contient pas de donn\u00e9es personnelles et sera supprim\u00e9 automatiquement \u00e0 la fermeture de votre navigateur.<\/span><\/p>\r\n                    <p><span style=\"font-family: Muli; color: rgb(29, 29, 27);\">Lorsque vous vous connecterez, nous mettrons en place un certain nombre de cookies pour enregistrer vos informations de connexion et vos pr\u00e9f\u00e9rences d\u2019\u00e9cran. La dur\u00e9e de vie d\u2019un cookie de connexion est de deux jours, celle d\u2019un cookie d\u2019option d\u2019\u00e9cran est d\u2019un an. Si vous cochez \u00ab&nbsp;Se souvenir de moi&nbsp;\u00bb, votre cookie de connexion sera conserv\u00e9 pendant deux semaines. Si vous vous d\u00e9connectez de votre compte, le cookie de connexion sera effac\u00e9.<\/span><\/p>\r\n                    <p><span style=\"font-family: Muli; color: rgb(29, 29, 27);\">En modifiant ou en publiant une publication, un cookie suppl\u00e9mentaire sera enregistr\u00e9 dans votre navigateur. Ce cookie ne comprend aucune donn\u00e9e personnelle. Il indique simplement l\u2019ID de la publication que vous venez de modifier. Il expire au bout d\u2019un jour.<\/span><\/p>\r\n                    <h2><span style=\"font-family: Muli; color: rgb(29, 29, 27);\">Contenu embarqu\u00e9 depuis d\u2019autres sites<\/span><\/h2>\r\n                    <p><span style=\"font-family: Muli; color: rgb(29, 29, 27);\">Les articles de ce site peuvent inclure des contenus int\u00e9gr\u00e9s (par exemple des vid\u00e9os, images, articles\u2026). Le contenu int\u00e9gr\u00e9 depuis d\u2019autres sites se comporte de la m\u00eame mani\u00e8re que si le visiteur se rendait sur cet autre site.<\/span><\/p>\r\n                    <p><span style=\"font-family: Muli; color: rgb(29, 29, 27);\">Ces sites web pourraient collecter des donn\u00e9es sur vous, utiliser des cookies, embarquer des outils de suivis tiers, suivre vos interactions avec ces contenus embarqu\u00e9s si vous disposez d\u2019un compte connect\u00e9 sur leur site web.<\/span><\/p>\r\n                    <h2><span style=\"font-family: Muli; color: rgb(29, 29, 27);\">Utilisation et transmission de vos donn\u00e9es personnelles<\/span><\/h2>\r\n                    <p><span style=\"font-family: Muli; color: rgb(29, 29, 27);\">Si vous demandez une r\u00e9initialisation de votre mot de passe, votre adresse IP sera incluse dans l\u2019e-mail de r\u00e9initialisation.<\/span><\/p>\r\n                    <h2><span style=\"font-family: Muli; color: rgb(29, 29, 27);\">Dur\u00e9es de stockage de vos donn\u00e9es<\/span><\/h2>\r\n                    <p><span style=\"font-family: Muli; color: rgb(29, 29, 27);\">Si vous laissez un commentaire, le commentaire et ses m\u00e9tadonn\u00e9es sont conserv\u00e9s ind\u00e9finiment. Cela permet de reconna\u00eetre et approuver automatiquement les commentaires suivants au lieu de les laisser dans la file de mod\u00e9ration.<\/span><\/p>\r\n                    <p><span style=\"font-family: Muli; color: rgb(29, 29, 27);\">Pour les comptes qui s\u2019inscrivent sur notre site (le cas \u00e9ch\u00e9ant), nous stockons \u00e9galement les donn\u00e9es personnelles indiqu\u00e9es dans leur profil. Tous les comptes peuvent voir, modifier ou supprimer leurs informations personnelles \u00e0 tout moment (\u00e0 l\u2019exception de leur identifiant). Les gestionnaires du site peuvent aussi voir et modifier ces informations.<\/span><\/p>\r\n                    <h2><span style=\"font-family: Muli; color: rgb(29, 29, 27);\">Les droits que vous avez sur vos donn\u00e9es<\/span><\/h2>\r\n                    <p><span style=\"font-family: Muli; color: rgb(29, 29, 27);\">Si vous avez un compte ou si vous avez laiss\u00e9 des commentaires sur le site, vous pouvez demander \u00e0 recevoir un fichier contenant toutes les donn\u00e9es personnelles que nous poss\u00e9dons \u00e0 votre sujet, incluant celles que vous nous avez fournies. Vous pouvez \u00e9galement demander la suppression des donn\u00e9es personnelles vous concernant. Cela ne prend pas en compte les donn\u00e9es stock\u00e9es \u00e0 des fins administratives, l\u00e9gales ou pour des raisons de s\u00e9curit\u00e9.<\/span><\/p>\r\n                    <h2><span style=\"font-family: Muli; color: rgb(29, 29, 27);\">O\u00f9 vos donn\u00e9es sont envoy\u00e9es<\/span><\/h2>\r\n                    <p><span style=\"font-family: Muli; color: rgb(29, 29, 27);\">Les commentaires des visiteurs peuvent \u00eatre v\u00e9rifi\u00e9s \u00e0 l\u2019aide d\u2019un service automatis\u00e9 de d\u00e9tection des commentaires ind\u00e9sirables.<\/span><\/p>\r\n                  <\/div>\r\n                <\/div>\r\n              <\/div>\r\n            <\/div>\r\n          <\/div>\r\n        <\/div>\r\n      <\/div>\r\n    <\/div>\r\n  <\/div>\r\n<\/div>","protected":false},"excerpt":{"rendered":"<p>Qui sommes-nous&nbsp;? L\u2019adresse de notre site est&nbsp;: https:\/\/transbaz.fr Commentaires Quand vous laissez un commentaire sur notre site, les donn\u00e9es inscrites dans le formulaire de commentaire, ainsi que votre adresse IP et l\u2019agent utilisateur de votre navigateur sont collect\u00e9s pour nous aider \u00e0 la d\u00e9tection des commentaires ind\u00e9sirables. Une cha\u00eene anonymis\u00e9e cr\u00e9\u00e9e \u00e0 partir de votre [&hellip;]<\/p>\n","protected":false},"author":1,"featured_media":0,"parent":0,"menu_order":0,"comment_status":"closed","ping_status":"closed","template":"page-templates\/full-width-page.php","meta":{"footnotes":""},"class_list":["post-46","page","type-page","status-publish","hentry"],"yoast_head":"<!-- This site is optimized with the Yoast SEO plugin v24.1 - https:\/\/yoast.com\/wordpress\/plugins\/seo\/ -->\n<title>POLITIQUE DE CONFIDENTIALIT\u00c9 - Transbaz<\/title>\n<meta name=\"robots\" content=\"index, follow, max-snippet:-1, max-image-preview:large, max-video-preview:-1\" \/>\n<link rel=\"canonical\" href=\"https:\/\/transbaz.fr\/index.php\/cgu\/\" \/>\n<meta property=\"og:locale\" content=\"fr_FR\" \/>\n<meta property=\"og:type\" content=\"article\" \/>\n<meta property=\"og:title\" content=\"POLITIQUE DE CONFIDENTIALIT\u00c9 - Transbaz\" \/>\n<meta property=\"og:description\" content=\"Qui sommes-nous&nbsp;? L\u2019adresse de notre site est&nbsp;: https:\/\/transbaz.fr Commentaires Quand vous laissez un commentaire sur notre site, les donn\u00e9es inscrites dans le formulaire de commentaire, ainsi que votre adresse IP et l\u2019agent utilisateur de votre navigateur sont collect\u00e9s pour nous aider \u00e0 la d\u00e9tection des commentaires ind\u00e9sirables. Une cha\u00eene anonymis\u00e9e cr\u00e9\u00e9e \u00e0 partir de votre [&hellip;]\" \/>\n<meta property=\"og:url\" content=\"https:\/\/transbaz.fr\/index.php\/cgu\/\" \/>\n<meta property=\"og:site_name\" content=\"Transbaz\" \/>\n<meta property=\"article:modified_time\" content=\"2024-07-15T08:39:26+00:00\" \/>\n<meta name=\"twitter:card\" content=\"summary_large_image\" \/>\n<meta name=\"twitter:label1\" content=\"Dur\u00e9e de lecture estim\u00e9e\" \/>\n\t<meta name=\"twitter:data1\" content=\"4 minutes\" \/>\n<script type=\"application\/ld+json\" class=\"yoast-schema-graph\">{\"@context\":\"https:\/\/schema.org\",\"@graph\":[{\"@type\":\"WebPage\",\"@id\":\"https:\/\/transbaz.fr\/index.php\/cgu\/\",\"url\":\"https:\/\/transbaz.fr\/index.php\/cgu\/\",\"name\":\"POLITIQUE DE CONFIDENTIALIT\u00c9 - Transbaz\",\"isPartOf\":{\"@id\":\"https:\/\/transbaz.fr\/#website\"},\"datePublished\":\"2023-07-03T13:40:58+00:00\",\"dateModified\":\"2024-07-15T08:39:26+00:00\",\"breadcrumb\":{\"@id\":\"https:\/\/transbaz.fr\/index.php\/cgu\/#breadcrumb\"},\"inLanguage\":\"fr-FR\",\"potentialAction\":[{\"@type\":\"ReadAction\",\"target\":[\"https:\/\/transbaz.fr\/index.php\/cgu\/\"]}]},{\"@type\":\"BreadcrumbList\",\"@id\":\"https:\/\/transbaz.fr\/index.php\/cgu\/#breadcrumb\",\"itemListElement\":[{\"@type\":\"ListItem\",\"position\":1,\"name\":\"Accueil\",\"item\":\"https:\/\/transbaz.fr\/\"},{\"@type\":\"ListItem\",\"position\":2,\"name\":\"POLITIQUE DE CONFIDENTIALIT\u00c9\"}]},{\"@type\":\"WebSite\",\"@id\":\"https:\/\/transbaz.fr\/#website\",\"url\":\"https:\/\/transbaz.fr\/\",\"name\":\"Transbaz\",\"description\":\"Transports de Travaux P\u00e9troliers Industriels\",\"publisher\":{\"@id\":\"https:\/\/transbaz.fr\/#organization\"},\"potentialAction\":[{\"@type\":\"SearchAction\",\"target\":{\"@type\":\"EntryPoint\",\"urlTemplate\":\"https:\/\/transbaz.fr\/?s={search_term_string}\"},\"query-input\":{\"@type\":\"PropertyValueSpecification\",\"valueRequired\":true,\"valueName\":\"search_term_string\"}}],\"inLanguage\":\"fr-FR\"},{\"@type\":\"Organization\",\"@id\":\"https:\/\/transbaz.fr\/#organization\",\"name\":\"Transbaz\",\"url\":\"https:\/\/transbaz.fr\/\",\"logo\":{\"@type\":\"ImageObject\",\"inLanguage\":\"fr-FR\",\"@id\":\"https:\/\/transbaz.fr\/#\/schema\/logo\/image\/\",\"url\":\"https:\/\/transbaz.fr\/wp-content\/uploads\/2023\/07\/cropped-TRANSBAZ-1.png\",\"contentUrl\":\"https:\/\/transbaz.fr\/wp-content\/uploads\/2023\/07\/cropped-TRANSBAZ-1.png\",\"width\":4831,\"height\":1594,\"caption\":\"Transbaz\"},\"image\":{\"@id\":\"https:\/\/transbaz.fr\/#\/schema\/logo\/image\/\"}}]}<\/script>\n<!-- \/ Yoast SEO plugin. -->","yoast_head_json":{"title":"POLITIQUE DE CONFIDENTIALIT\u00c9 - Transbaz","robots":{"index":"index","follow":"follow","max-snippet":"max-snippet:-1","max-image-preview":"max-image-preview:large","max-video-preview":"max-video-preview:-1"},"canonical":"https:\/\/transbaz.fr\/index.php\/cgu\/","og_locale":"fr_FR","og_type":"article","og_title":"POLITIQUE DE CONFIDENTIALIT\u00c9 - Transbaz","og_description":"Qui sommes-nous&nbsp;? L\u2019adresse de notre site est&nbsp;: https:\/\/transbaz.fr Commentaires Quand vous laissez un commentaire sur notre site, les donn\u00e9es inscrites dans le formulaire de commentaire, ainsi que votre adresse IP et l\u2019agent utilisateur de votre navigateur sont collect\u00e9s pour nous aider \u00e0 la d\u00e9tection des commentaires ind\u00e9sirables. Une cha\u00eene anonymis\u00e9e cr\u00e9\u00e9e \u00e0 partir de votre [&hellip;]","og_url":"https:\/\/transbaz.fr\/index.php\/cgu\/","og_site_name":"Transbaz","article_modified_time":"2024-07-15T08:39:26+00:00","twitter_card":"summary_large_image","twitter_misc":{"Dur\u00e9e de lecture estim\u00e9e":"4 minutes"},"schema":{"@context":"https:\/\/schema.org","@graph":[{"@type":"WebPage","@id":"https:\/\/transbaz.fr\/index.php\/cgu\/","url":"https:\/\/transbaz.fr\/index.php\/cgu\/","name":"POLITIQUE DE CONFIDENTIALIT\u00c9 - Transbaz","isPartOf":{"@id":"https:\/\/transbaz.fr\/#website"},"datePublished":"2023-07-03T13:40:58+00:00","dateModified":"2024-07-15T08:39:26+00:00","breadcrumb":{"@id":"https:\/\/transbaz.fr\/index.php\/cgu\/#breadcrumb"},"inLanguage":"fr-FR","potentialAction":[{"@type":"ReadAction","target":["https:\/\/transbaz.fr\/index.php\/cgu\/"]}]},{"@type":"BreadcrumbList","@id":"https:\/\/transbaz.fr\/index.php\/cgu\/#breadcrumb","itemListElement":[{"@type":"ListItem","position":1,"name":"Accueil","item":"https:\/\/transbaz.fr\/"},{"@type":"ListItem","position":2,"name":"POLITIQUE DE CONFIDENTIALIT\u00c9"}]},{"@type":"WebSite","@id":"https:\/\/transbaz.fr\/#website","url":"https:\/\/transbaz.fr\/","name":"Transbaz","description":"Transports de Travaux P\u00e9troliers Industriels","publisher":{"@id":"https:\/\/transbaz.fr\/#organization"},"potentialAction":[{"@type":"SearchAction","target":{"@type":"EntryPoint","urlTemplate":"https:\/\/transbaz.fr\/?s={search_term_string}"},"query-input":{"@type":"PropertyValueSpecification","valueRequired":true,"valueName":"search_term_string"}}],"inLanguage":"fr-FR"},{"@type":"Organization","@id":"https:\/\/transbaz.fr\/#organization","name":"Transbaz","url":"https:\/\/transbaz.fr\/","logo":{"@type":"ImageObject","inLanguage":"fr-FR","@id":"https:\/\/transbaz.fr\/#\/schema\/logo\/image\/","url":"https:\/\/transbaz.fr\/wp-content\/uploads\/2023\/07\/cropped-TRANSBAZ-1.png","contentUrl":"https:\/\/transbaz.fr\/wp-content\/uploads\/2023\/07\/cropped-TRANSBAZ-1.png","width":4831,"height":1594,"caption":"Transbaz"},"image":{"@id":"https:\/\/transbaz.fr\/#\/schema\/logo\/image\/"}}]}},"_links":{"self":[{"href":"https:\/\/transbaz.fr\/index.php\/wp-json\/wp\/v2\/pages\/46","targetHints":{"allow":["GET"]}}],"collection":[{"href":"https:\/\/transbaz.fr\/index.php\/wp-json\/wp\/v2\/pages"}],"about":[{"href":"https:\/\/transbaz.fr\/index.php\/wp-json\/wp\/v2\/types\/page"}],"author":[{"embeddable":true,"href":"https:\/\/transbaz.fr\/index.php\/wp-json\/wp\/v2\/users\/1"}],"replies":[{"embeddable":true,"href":"https:\/\/transbaz.fr\/index.php\/wp-json\/wp\/v2\/comments?post=46"}],"version-history":[{"count":4,"href":"https:\/\/transbaz.fr\/index.php\/wp-json\/wp\/v2\/pages\/46\/revisions"}],"predecessor-version":[{"id":276,"href":"https:\/\/transbaz.fr\/index.php\/wp-json\/wp\/v2\/pages\/46\/revisions\/276"}],"wp:attachment":[{"href":"https:\/\/transbaz.fr\/index.php\/wp-json\/wp\/v2\/media?parent=46"}],"curies":[{"name":"wp","href":"https:\/\/api.w.org\/{rel}","templated":true}]}}